{"id":2028,"date":"2024-02-23T15:56:29","date_gmt":"2024-02-23T21:56:29","guid":{"rendered":"http:\/\/www.cedem.org\/?page_id=2028"},"modified":"2024-02-27T13:32:28","modified_gmt":"2024-02-27T19:32:28","slug":"dr-alenxandre-tarassiouk","status":"publish","type":"page","link":"https:\/\/www.cedem.org\/index.php\/dr-alenxandre-tarassiouk\/","title":{"rendered":"Dr. Alenxandre Tarassiouk"},"content":{"rendered":"\t\t<div data-elementor-type=\"wp-page\" data-elementor-id=\"2028\" class=\"elementor elementor-2028\">\n\t\t\t\t<div class=\"elementor-element elementor-element-85b6c18 e-flex e-con-boxed e-con e-parent\" data-id=\"85b6c18\" data-element_type=\"container\" data-e-type=\"container\">\n\t\t\t\t\t<div class=\"e-con-inner\">\n\t\t\t\t<div class=\"elementor-element elementor-element-010c9a6 elementor-widget elementor-widget-heading\" data-id=\"010c9a6\" data-element_type=\"widget\" data-e-type=\"widget\" data-widget_type=\"heading.default\">\n\t\t\t\t<div class=\"elementor-widget-container\">\n\t\t\t\t\t<h2 class=\"elementor-heading-title elementor-size-default\">Alexandre Tarassiouk<\/h2>\t\t\t\t<\/div>\n\t\t\t\t<\/div>\n\t\t\t\t<div class=\"elementor-element elementor-element-a5b05f9 elementor-widget elementor-widget-text-editor\" data-id=\"a5b05f9\" data-element_type=\"widget\" data-e-type=\"widget\" data-widget_type=\"text-editor.default\">\n\t\t\t\t<div class=\"elementor-widget-container\">\n\t\t\t\t\t\t\t\t\t<p><strong>tka@xanum.uam.mx<\/strong><\/p><p><em>Departamento de Econom\u00eda<\/em>\u00a0<\/p><p><em>UNIVERSIDAD AUT\u00d3NOMA METROPOLITANA, UNIDAD IZTAPALAPA (UAMI)\u00a0<\/em>\u00a0<\/p><p>Profesor-Investigador Titular del Departamento de Econom\u00eda de la Universidad Auton\u00f3ma Metropolitana Iztapalapa (UAMI). Profesor de maestr\u00eda y doctorado en Estudios Sociales de la misma universidad. Investigador nacional del Sistema Nacional de Investigadores.<\/p><p>Recibi\u00f3 el grado de Doctor (DR. SC.) en Ciencias Econ\u00f3micas en la Academia de Ciencias Sociales de Mosc\u00fa, Rusia, en 1990. Recibi\u00f3 el grado de Doctor (PH. D.) en Ciencias Econ\u00f3micas en la Universidad Estatal Lomonosov de Mosc\u00fa, en 1974. Obtuvo el grado de Licenciado en Econom\u00eda\u00a0 en la Facultad de Econom\u00eda\u00a0 de la Universidad Estatal Lomonosov de Mosc\u00fa, en 1974.<\/p><p>Ha desempe\u00f1ado los cargos de Profesor \u2013 Investigador en la Universidad Estatal Lomonosov de Mosc\u00fa (1974-1977) y en el Instituto de Ciencias Sociales de Mosc\u00fa (1981-1990);\u00a0\u00a0 trabajaba como profesor invitado en la Facultad de Econom\u00eda de la Universidad de la Habana, Cuba (1978-1981).<\/p><p>Autor de los libros Orientaci\u00f3n social del mecanismo econ\u00f3mico en las condiciones de renovaci\u00f3n de la sociedad sovi\u00e9tica (1990), Crecimiento de econom\u00eda y el sector servicios (1986); coautor\u00a0 y\/o coordinador de 11 libros colectivos; autor de m\u00e1s de 53 art\u00edculos publicados en diversas revistas especializadas del pa\u00eds y del extranjero. Particip\u00f3 como ponente en 48 congresos nacionales e internacionales.<\/p><p>Actualmente sus l\u00edneas de investigaci\u00f3n son: Transici\u00f3n, reformas y problemas del desarrollo en el nuevo contexto mundial (El caso de los pa\u00edses de Europa Oriental y de Rusia). La crisis mundial: naturaleza, transformaci\u00f3n de las instituciones y consecuencias para los pa\u00edses en desarrollo.<\/p>\t\t\t\t\t\t\t\t<\/div>\n\t\t\t\t<\/div>\n\t\t\t\t\t<\/div>\n\t\t\t\t<\/div>\n\t\t\t\t<\/div>\n\t\t","protected":false},"excerpt":{"rendered":"<p>Alexandre Tarassiouk tka@xanum.uam.mx Departamento de Econom\u00eda\u00a0 UNIVERSIDAD AUT\u00d3NOMA METROPOLITANA, UNIDAD IZTAPALAPA (UAMI)\u00a0\u00a0 Profesor-Investigador Titular del Departamento de Econom\u00eda de la Universidad Auton\u00f3ma Metropolitana Iztapalapa (UAMI). Profesor de maestr\u00eda y doctorado en Estudios Sociales de la misma universidad. Investigador nacional del Sistema Nacional de Investigadores. Recibi\u00f3 el grado de Doctor (DR. SC.) en Ciencias Econ\u00f3micas en [&hellip;]<\/p>\n","protected":false},"author":2,"featured_media":0,"parent":0,"menu_order":0,"comment_status":"closed","ping_status":"closed","template":"","meta":{"footnotes":""},"class_list":["post-2028","page","type-page","status-publish","hentry"],"blocksy_meta":[],"_links":{"self":[{"href":"https:\/\/www.cedem.org\/index.php\/wp-json\/wp\/v2\/pages\/2028","targetHints":{"allow":["GET"]}}],"collection":[{"href":"https:\/\/www.cedem.org\/index.php\/wp-json\/wp\/v2\/pages"}],"about":[{"href":"https:\/\/www.cedem.org\/index.php\/wp-json\/wp\/v2\/types\/page"}],"author":[{"embeddable":true,"href":"https:\/\/www.cedem.org\/index.php\/wp-json\/wp\/v2\/users\/2"}],"replies":[{"embeddable":true,"href":"https:\/\/www.cedem.org\/index.php\/wp-json\/wp\/v2\/comments?post=2028"}],"version-history":[{"count":4,"href":"https:\/\/www.cedem.org\/index.php\/wp-json\/wp\/v2\/pages\/2028\/revisions"}],"predecessor-version":[{"id":2076,"href":"https:\/\/www.cedem.org\/index.php\/wp-json\/wp\/v2\/pages\/2028\/revisions\/2076"}],"wp:attachment":[{"href":"https:\/\/www.cedem.org\/index.php\/wp-json\/wp\/v2\/media?parent=2028"}],"curies":[{"name":"wp","href":"https:\/\/api.w.org\/{rel}","templated":true}]}}