{"id":2027,"date":"2024-02-23T15:56:29","date_gmt":"2024-02-23T21:56:29","guid":{"rendered":"http:\/\/www.cedem.org\/?page_id=2027"},"modified":"2024-02-27T13:42:54","modified_gmt":"2024-02-27T19:42:54","slug":"dr-gregorio-vidal","status":"publish","type":"page","link":"https:\/\/www.cedem.org\/index.php\/dr-gregorio-vidal\/","title":{"rendered":"Dr. Gregorio Vidal"},"content":{"rendered":"\t\t<div data-elementor-type=\"wp-page\" data-elementor-id=\"2027\" class=\"elementor elementor-2027\">\n\t\t\t\t<div class=\"elementor-element elementor-element-b81c40c e-flex e-con-boxed e-con e-parent\" data-id=\"b81c40c\" data-element_type=\"container\" data-e-type=\"container\">\n\t\t\t\t\t<div class=\"e-con-inner\">\n\t\t\t\t<div class=\"elementor-element elementor-element-27aec58 elementor-widget elementor-widget-heading\" data-id=\"27aec58\" data-element_type=\"widget\" data-e-type=\"widget\" data-widget_type=\"heading.default\">\n\t\t\t\t<div class=\"elementor-widget-container\">\n\t\t\t\t\t<h2 class=\"elementor-heading-title elementor-size-default\">Gregorio Vidal<\/h2>\t\t\t\t<\/div>\n\t\t\t\t<\/div>\n\t\t\t\t<div class=\"elementor-element elementor-element-e2ddfba elementor-widget elementor-widget-text-editor\" data-id=\"e2ddfba\" data-element_type=\"widget\" data-e-type=\"widget\" data-widget_type=\"text-editor.default\">\n\t\t\t\t<div class=\"elementor-widget-container\">\n\t\t\t\t\t\t\t\t\t<p><strong><a href=\"mailto:gvb@xanum.uam.mx\">gvb@xanum.uam.mx<\/a><\/strong><\/p><p><em>Departamento de Econom\u00eda<\/em>\u00a0<\/p><p><em>UNIVERSIDAD AUT\u00d3NOMA METROPOLITANA, UNIDAD IZTAPALAPA (UAMI)<\/em><\/p><p><em>\u00a0<\/em><\/p><p><em>\u00a0<\/em>Es Profesor Titular \u201cC\u201d en el Departamento de Econom\u00eda de la Universidad Aut\u00f3noma Metropolitana (UAM) Unidad Iztapalapa, ingreso como Profesor a la UAM en 1978. Es Doctor en Estudios Latinoamericanos (Ciencias Pol\u00edticas) por la UNAM. Miembro de la Academia Mexicana de Ciencias; Miembro del Sistema Nacional de Investigadores.\u00a0 Obtuvo el Premio en Investigaci\u00f3n Econ\u00f3mica Maestro Jes\u00fas Silva Herzog que otorga el Instituto de Investigaciones Econ\u00f3micas de la UNAM en el a\u00f1o 2000.<\/p><p>\u00a0<\/p><p>Miembro de la Comisi\u00f3n Acad\u00e9mica de la l\u00ednea de Econom\u00eda Social del Programa de Maestr\u00eda y Doctorado en Estudios Sociales de la UAM Iztapalapa; Tutor en el Programa de Doctorado en Econom\u00eda de la UNAM,\u00a0 Coordinador del Programa Universitario de Investigaci\u00f3n Integraci\u00f3n de las Am\u00e9ricas de la UAM y Coordinador por el Departamento de Econom\u00eda de la UAM Iztapalapa de la Red Eurolatinoamericana de Estudios sobre Desarrollo\u00a0 Celso Furtado.\u00a0<\/p><p>\u00a0<\/p><p>Ha sido invitado como profesor o investigador\u00a0 en el Posgrado en Econom\u00eda de la\u00a0 Universidad Federal Fluminense en\u00a0 R\u00edo de Janeiro, Brasil; en el Instituto de Ciencias Matem\u00e1ticas y Econ\u00f3mica\u00a0 Aplicada en Par\u00eds,\u00a0 Francia;, en el Instituto de Investigaciones Econ\u00f3micas de la UNAM, M\u00e9xico y en el Departamento de Econom\u00eda Aplicada V de la Universidad del Pa\u00eds Vasco, Espa\u00f1a. Ha sido profesor en las facultades de Econom\u00eda y de Ciencias Pol\u00edticas de la UNAM y en la Escuela de Antropolog\u00eda del INAH. Fue Director de la Divisi\u00f3n de Ciencias Sociales y Humanidades de la UAM Iztapalapa. Fue Jefe del Departamento de Econom\u00eda de la propia Divisi\u00f3n de Ciencias Sociales y Humanidades. Fue Jefe del \u00c1rea de Investigaci\u00f3n de Econom\u00eda Pol\u00edtica en la UAM Iztapalapa.<\/p><p>\u00a0<\/p><p>Ha publicado 4 libros individuales, 10 libros como editor o coordinador, 4 libros como coautor, 34 art\u00edculos en revistas cient\u00edficas, 36 cap\u00edtulos de libro, 15 art\u00edculos en memorias de congresos internacionales y m\u00e1s de 24 art\u00edculos en revistas de difusi\u00f3n. Tiene m\u00e1s de 80 ponencias en Congresos Seminarios y Coloquios, participaciones en mesas redondas, conferencias y organizaci\u00f3n de reuniones acad\u00e9micas.<\/p>\t\t\t\t\t\t\t\t<\/div>\n\t\t\t\t<\/div>\n\t\t\t\t\t<\/div>\n\t\t\t\t<\/div>\n\t\t\t\t<\/div>\n\t\t","protected":false},"excerpt":{"rendered":"<p>Gregorio Vidal gvb@xanum.uam.mx Departamento de Econom\u00eda\u00a0 UNIVERSIDAD AUT\u00d3NOMA METROPOLITANA, UNIDAD IZTAPALAPA (UAMI) \u00a0 \u00a0Es Profesor Titular \u201cC\u201d en el Departamento de Econom\u00eda de la Universidad Aut\u00f3noma Metropolitana (UAM) Unidad Iztapalapa, ingreso como Profesor a la UAM en 1978. Es Doctor en Estudios Latinoamericanos (Ciencias Pol\u00edticas) por la UNAM. Miembro de la Academia Mexicana de Ciencias; [&hellip;]<\/p>\n","protected":false},"author":2,"featured_media":0,"parent":0,"menu_order":0,"comment_status":"closed","ping_status":"closed","template":"","meta":{"footnotes":""},"class_list":["post-2027","page","type-page","status-publish","hentry"],"blocksy_meta":[],"_links":{"self":[{"href":"https:\/\/www.cedem.org\/index.php\/wp-json\/wp\/v2\/pages\/2027","targetHints":{"allow":["GET"]}}],"collection":[{"href":"https:\/\/www.cedem.org\/index.php\/wp-json\/wp\/v2\/pages"}],"about":[{"href":"https:\/\/www.cedem.org\/index.php\/wp-json\/wp\/v2\/types\/page"}],"author":[{"embeddable":true,"href":"https:\/\/www.cedem.org\/index.php\/wp-json\/wp\/v2\/users\/2"}],"replies":[{"embeddable":true,"href":"https:\/\/www.cedem.org\/index.php\/wp-json\/wp\/v2\/comments?post=2027"}],"version-history":[{"count":4,"href":"https:\/\/www.cedem.org\/index.php\/wp-json\/wp\/v2\/pages\/2027\/revisions"}],"predecessor-version":[{"id":2091,"href":"https:\/\/www.cedem.org\/index.php\/wp-json\/wp\/v2\/pages\/2027\/revisions\/2091"}],"wp:attachment":[{"href":"https:\/\/www.cedem.org\/index.php\/wp-json\/wp\/v2\/media?parent=2027"}],"curies":[{"name":"wp","href":"https:\/\/api.w.org\/{rel}","templated":true}]}}