{"id":2026,"date":"2024-02-23T15:56:29","date_gmt":"2024-02-23T21:56:29","guid":{"rendered":"http:\/\/www.cedem.org\/?page_id=2026"},"modified":"2024-02-27T13:38:47","modified_gmt":"2024-02-27T19:38:47","slug":"dr-arturo-guillen","status":"publish","type":"page","link":"https:\/\/www.cedem.org\/index.php\/dr-arturo-guillen\/","title":{"rendered":"Dr. Arturo Guill\u00e9n"},"content":{"rendered":"\t\t<div data-elementor-type=\"wp-page\" data-elementor-id=\"2026\" class=\"elementor elementor-2026\">\n\t\t\t\t<div class=\"elementor-element elementor-element-5cccc5f e-flex e-con-boxed e-con e-parent\" data-id=\"5cccc5f\" data-element_type=\"container\" data-e-type=\"container\">\n\t\t\t\t\t<div class=\"e-con-inner\">\n\t\t\t\t<div class=\"elementor-element elementor-element-c3df22e elementor-widget elementor-widget-heading\" data-id=\"c3df22e\" data-element_type=\"widget\" data-e-type=\"widget\" data-widget_type=\"heading.default\">\n\t\t\t\t<div class=\"elementor-widget-container\">\n\t\t\t\t\t<h2 class=\"elementor-heading-title elementor-size-default\">Arturo Guill\u00e9n<\/h2>\t\t\t\t<\/div>\n\t\t\t\t<\/div>\n\t\t\t\t<div class=\"elementor-element elementor-element-207fd06 elementor-widget elementor-widget-text-editor\" data-id=\"207fd06\" data-element_type=\"widget\" data-e-type=\"widget\" data-widget_type=\"text-editor.default\">\n\t\t\t\t<div class=\"elementor-widget-container\">\n\t\t\t\t\t\t\t\t\t<p><strong>grja@xanum.uam.mx<\/strong><\/p><p><em>Departamento de Econom\u00eda<\/em><\/p><p><em>UNIVERSIDAD AUTON\u00d3MA METROPOLITANA, UNIDAD IZTAPALAPA (UAMI)<\/em><\/p><p><strong>\u00a0<\/strong><\/p><p>Profesor- Investigador del Departamento de Econom\u00eda de la Universidad Aut\u00f3noma Metropolitana Iztapalapa (UAMI). Coordinador \u00a0del Posgrado en Estudios Sociales, L\u00ednea \u201cEconom\u00eda Social\u201d de la misma universidad. Profesor Invitado del Centro de la Mundializaci\u00f3n y Estudios Internacionales de la Universidad de Qu\u00e9bec en Montreal (2004-2005) y del Instituto Superior de Matem\u00e1ticas y Econom\u00edas Aplicadas (ISMEA) de Par\u00eds (2000)\u00a0\u00a0<\/p><p>Investigador nacional del Sistema Nacional de Investigadores, nivel II. Miembro del PROMEP de SEP-CONACYT. Coordinador General de la\u00a0<strong>Red<\/strong>\u00a0<strong>Eurolatinoamericana<\/strong><strong>\u00a0de Estudios sobre el Desarrollo \u201cCelso Furtado\u201d.\u00a0<\/strong>Coordinador del Cuerpo Acad\u00e9mico\u00a0<strong>Globalizaci\u00f3n e Integraci\u00f3n Econ\u00f3mica<\/strong>\u00a0de la UAM Iztapalapa. Miembro del Programa Institucional de Investigaci\u00f3n\u00a0<strong>Integraci\u00f3n en las Am\u00e9ricas<\/strong>\u00a0(INTAM) de las tres unidades de la UAM. Investigador Titular del Instituto de Investigaciones Econ\u00f3micas de la UNAM de 1973 a 1993. Miembro de N\u00famero de la Academia Mexicana de Econom\u00eda Pol\u00edtica.\u00a0<\/p><p>Recibi\u00f3 el grado de Doctor en Ciencias Econ\u00f3micas en la Escuela Central de Planificaci\u00f3n y Estad\u00edstica de Varsovia, Polonia, en 1981. Obtuvo el grado de Licenciado en Econom\u00eda en 1970 en la Escuela Nacional de Econom\u00eda de la UNAM.<\/p><p>Autor de los libros individuales:\u00a0<em>Mito y realidad de la globalizaci\u00f3n neoliberal (2007),\u00a0<\/em><em>M\u00e9xico hacia el siglo XXI: crisis y modelo econ\u00f3mico alternativo (2000). Problemas de la econom\u00eda mexicana (1986). Imperialismo y ley del valor (1981). Planificaci\u00f3n econ\u00f3mica a la mexicana (1971<strong>)<\/strong><strong>.\u00a0<\/strong><\/em>Ganador\u00a0 como coautor del Premio Jabutti 2007 otorgado por La C\u00e1mara Brasile\u00f1a del Libro al libro \u201cCelso Furtado o seculo XXI\u201d, como el mejor libro de Econom\u00eda, Administraci\u00f3n y Negocios<\/p><p>Coautor y\/o coordinador de m\u00e1s de cuarenta libros colectivos y cincuenta art\u00edculos publicados en diversas revistas especializadas del pa\u00eds y del extranjero, sobre los siguientes t\u00f3picos: econom\u00eda mexicana, econom\u00eda financiera, econom\u00eda internacional, integraci\u00f3n econ\u00f3mica, globalizaci\u00f3n y econom\u00eda pol\u00edtica. Entre los trabajos m\u00e1s recientes se encuentran:\u00a0<em>Globalizaci\u00f3n y regionalismo: Econom\u00eda y Sustentabilidad (2008). Repensar la teor\u00eda del desarrollo en un contexto de globalizaci\u00f3n (2007).Or\u00edgen y causas de la crisis inmobiliaria (2008). Antologia de Celso Furtado (2008).<\/em>\u00a0<em>Efectos de la globalizaci\u00f3n en el empleo: el caso de M\u00e9xico (2007).\u00a0<\/em><em>Para superar el estancamiento econ\u00f3mico en M\u00e9xico: \u201cnudos cr\u00edticos\u201d de un proyecto nacional de desarrollo (2007). An Alternative Strategy for Development in Celso Furtado\u2019s Thinking (2006).\u00a0<\/em><em>Las estrategias de los gobiernos de Am\u00e9rica del Norte en el marco de las negociaciones del ALCA (2006)<\/em><em>. Revisitando la teor\u00eda del desarrollo bajo la globalizaci\u00f3n (2004). Flujos de inversi\u00f3n extranjera directa bajo el TLCAN (2004).<\/em><\/p>\t\t\t\t\t\t\t\t<\/div>\n\t\t\t\t<\/div>\n\t\t\t\t\t<\/div>\n\t\t\t\t<\/div>\n\t\t\t\t<\/div>\n\t\t","protected":false},"excerpt":{"rendered":"<p>Arturo Guill\u00e9n grja@xanum.uam.mx Departamento de Econom\u00eda UNIVERSIDAD AUTON\u00d3MA METROPOLITANA, UNIDAD IZTAPALAPA (UAMI) \u00a0 Profesor- Investigador del Departamento de Econom\u00eda de la Universidad Aut\u00f3noma Metropolitana Iztapalapa (UAMI). Coordinador \u00a0del Posgrado en Estudios Sociales, L\u00ednea \u201cEconom\u00eda Social\u201d de la misma universidad. Profesor Invitado del Centro de la Mundializaci\u00f3n y Estudios Internacionales de la Universidad de Qu\u00e9bec en [&hellip;]<\/p>\n","protected":false},"author":2,"featured_media":0,"parent":0,"menu_order":0,"comment_status":"closed","ping_status":"closed","template":"","meta":{"footnotes":""},"class_list":["post-2026","page","type-page","status-publish","hentry"],"blocksy_meta":[],"_links":{"self":[{"href":"https:\/\/www.cedem.org\/index.php\/wp-json\/wp\/v2\/pages\/2026","targetHints":{"allow":["GET"]}}],"collection":[{"href":"https:\/\/www.cedem.org\/index.php\/wp-json\/wp\/v2\/pages"}],"about":[{"href":"https:\/\/www.cedem.org\/index.php\/wp-json\/wp\/v2\/types\/page"}],"author":[{"embeddable":true,"href":"https:\/\/www.cedem.org\/index.php\/wp-json\/wp\/v2\/users\/2"}],"replies":[{"embeddable":true,"href":"https:\/\/www.cedem.org\/index.php\/wp-json\/wp\/v2\/comments?post=2026"}],"version-history":[{"count":4,"href":"https:\/\/www.cedem.org\/index.php\/wp-json\/wp\/v2\/pages\/2026\/revisions"}],"predecessor-version":[{"id":2085,"href":"https:\/\/www.cedem.org\/index.php\/wp-json\/wp\/v2\/pages\/2026\/revisions\/2085"}],"wp:attachment":[{"href":"https:\/\/www.cedem.org\/index.php\/wp-json\/wp\/v2\/media?parent=2026"}],"curies":[{"name":"wp","href":"https:\/\/api.w.org\/{rel}","templated":true}]}}