{"id":2024,"date":"2024-02-23T15:56:29","date_gmt":"2024-02-23T21:56:29","guid":{"rendered":"http:\/\/www.cedem.org\/?page_id=2024"},"modified":"2024-02-27T13:40:53","modified_gmt":"2024-02-27T19:40:53","slug":"dra-eugenia-correa","status":"publish","type":"page","link":"https:\/\/www.cedem.org\/index.php\/dra-eugenia-correa\/","title":{"rendered":"Dra. Eugenia Correa"},"content":{"rendered":"\t\t<div data-elementor-type=\"wp-page\" data-elementor-id=\"2024\" class=\"elementor elementor-2024\">\n\t\t\t\t<div class=\"elementor-element elementor-element-9801a3b e-flex e-con-boxed e-con e-parent\" data-id=\"9801a3b\" data-element_type=\"container\" data-e-type=\"container\">\n\t\t\t\t\t<div class=\"e-con-inner\">\n\t\t\t\t<div class=\"elementor-element elementor-element-90dd1f2 elementor-widget elementor-widget-heading\" data-id=\"90dd1f2\" data-element_type=\"widget\" data-e-type=\"widget\" data-widget_type=\"heading.default\">\n\t\t\t\t<div class=\"elementor-widget-container\">\n\t\t\t\t\t<h2 class=\"elementor-heading-title elementor-size-default\">Eugenia Correa<\/h2>\t\t\t\t<\/div>\n\t\t\t\t<\/div>\n\t\t\t\t<div class=\"elementor-element elementor-element-c7efa89 elementor-widget elementor-widget-text-editor\" data-id=\"c7efa89\" data-element_type=\"widget\" data-e-type=\"widget\" data-widget_type=\"text-editor.default\">\n\t\t\t\t<div class=\"elementor-widget-container\">\n\t\t\t\t\t\t\t\t\t<p><strong><em>Mar\u00eda Eugenia Correa V\u00e1zquez<\/em><\/strong><\/p><p><strong><a href=\"mailto:correa@servidor.unam.mx\">correa@servidor.unam.mx<\/a><\/strong><\/p><p><em>Divisi\u00f3n de Estudios de Posgrado,\u00a0<\/em><em>Facultad de Econom\u00eda<\/em><\/p><p><em>UNIVERSIDAD NACIONAL AUTON\u00d3MA DE M\u00c9XICO (UNAM)<\/em><\/p><p>Profesora del Posgrado en Econom\u00eda y miembro de la Unidad de Investigaci\u00f3n en Econom\u00eda Fiscal y Financiera en el Instituto de Investigaciones Econ\u00f3micas de la Universidad Nacional Aut\u00f3noma de M\u00e9xico. Obtuvo su doctorado en Econom\u00eda, su maestr\u00eda en Estudios Latinoamericanos en la UNAM.<\/p><p>Es Miembro de la Academia Mexicana de Ciencias. Adem\u00e1s es miembro de\u00a0 n\u00famero de la Academia Mexicana de Econom\u00eda Pol\u00edtica y del Sistema Nacional de Investigadores. Es tambi\u00e9n miembro de la Federaci\u00f3n de Mujeres Universitarias y miembro fundadora de la Red Eurolatinoamericana de Estudios del Desarrollo Celso Furtado.<\/p><p>Recibi\u00f3 el Premio Universidad Nacional en Investigaci\u00f3n Econ\u00f3mica otorgado por la UNAM. Adem\u00e1s recibi\u00f3 en dos ocasiones Premio Anual de Investigaci\u00f3n Econ\u00f3mica Maestro Silva\u00a0 Herzog, otorgado por el Instituto de Investigaciones Econ\u00f3micas UNAM. Es miembro fundador del Comit\u00e9 Editorial de la revista Ola Financiera. Ha sido profesora invitada en diversas universidades del pa\u00eds y del extranjero. Es autora m\u00faltiples libros y art\u00edculos especialmente en los temas de Desarrollo Econ\u00f3mico y Econom\u00eda Financiera.<\/p><p>Es autora de m\u00e1s de 100 art\u00edculos y cap\u00edtulos en libros, m\u00e1s de 15 libros coordinados en temas del desarrollo econ\u00f3mico y econom\u00eda financiera.<\/p>\t\t\t\t\t\t\t\t<\/div>\n\t\t\t\t<\/div>\n\t\t\t\t\t<\/div>\n\t\t\t\t<\/div>\n\t\t\t\t<\/div>\n\t\t","protected":false},"excerpt":{"rendered":"<p>Eugenia Correa Mar\u00eda Eugenia Correa V\u00e1zquez correa@servidor.unam.mx Divisi\u00f3n de Estudios de Posgrado,\u00a0Facultad de Econom\u00eda UNIVERSIDAD NACIONAL AUTON\u00d3MA DE M\u00c9XICO (UNAM) Profesora del Posgrado en Econom\u00eda y miembro de la Unidad de Investigaci\u00f3n en Econom\u00eda Fiscal y Financiera en el Instituto de Investigaciones Econ\u00f3micas de la Universidad Nacional Aut\u00f3noma de M\u00e9xico. Obtuvo su doctorado en Econom\u00eda, [&hellip;]<\/p>\n","protected":false},"author":2,"featured_media":0,"parent":0,"menu_order":0,"comment_status":"closed","ping_status":"closed","template":"","meta":{"footnotes":""},"class_list":["post-2024","page","type-page","status-publish","hentry"],"blocksy_meta":[],"_links":{"self":[{"href":"https:\/\/www.cedem.org\/index.php\/wp-json\/wp\/v2\/pages\/2024","targetHints":{"allow":["GET"]}}],"collection":[{"href":"https:\/\/www.cedem.org\/index.php\/wp-json\/wp\/v2\/pages"}],"about":[{"href":"https:\/\/www.cedem.org\/index.php\/wp-json\/wp\/v2\/types\/page"}],"author":[{"embeddable":true,"href":"https:\/\/www.cedem.org\/index.php\/wp-json\/wp\/v2\/users\/2"}],"replies":[{"embeddable":true,"href":"https:\/\/www.cedem.org\/index.php\/wp-json\/wp\/v2\/comments?post=2024"}],"version-history":[{"count":4,"href":"https:\/\/www.cedem.org\/index.php\/wp-json\/wp\/v2\/pages\/2024\/revisions"}],"predecessor-version":[{"id":2088,"href":"https:\/\/www.cedem.org\/index.php\/wp-json\/wp\/v2\/pages\/2024\/revisions\/2088"}],"wp:attachment":[{"href":"https:\/\/www.cedem.org\/index.php\/wp-json\/wp\/v2\/media?parent=2024"}],"curies":[{"name":"wp","href":"https:\/\/api.w.org\/{rel}","templated":true}]}}