{"id":2023,"date":"2024-02-23T15:56:29","date_gmt":"2024-02-23T21:56:29","guid":{"rendered":"http:\/\/www.cedem.org\/?page_id=2023"},"modified":"2024-02-27T13:49:46","modified_gmt":"2024-02-27T19:49:46","slug":"dr-omar-de-leon","status":"publish","type":"page","link":"https:\/\/www.cedem.org\/index.php\/dr-omar-de-leon\/","title":{"rendered":"Dr. Omar de Le\u00f3n"},"content":{"rendered":"\t\t<div data-elementor-type=\"wp-page\" data-elementor-id=\"2023\" class=\"elementor elementor-2023\">\n\t\t\t\t<div class=\"elementor-element elementor-element-dd46f51 e-flex e-con-boxed e-con e-parent\" data-id=\"dd46f51\" data-element_type=\"container\" data-e-type=\"container\">\n\t\t\t\t\t<div class=\"e-con-inner\">\n\t\t\t\t<div class=\"elementor-element elementor-element-9afaa68 elementor-widget elementor-widget-heading\" data-id=\"9afaa68\" data-element_type=\"widget\" data-e-type=\"widget\" data-widget_type=\"heading.default\">\n\t\t\t\t<div class=\"elementor-widget-container\">\n\t\t\t\t\t<h2 class=\"elementor-heading-title elementor-size-default\">Omar De Le\u00f3n<\/h2>\t\t\t\t<\/div>\n\t\t\t\t<\/div>\n\t\t\t\t<div class=\"elementor-element elementor-element-86f8b44 elementor-widget elementor-widget-text-editor\" data-id=\"86f8b44\" data-element_type=\"widget\" data-e-type=\"widget\" data-widget_type=\"text-editor.default\">\n\t\t\t\t<div class=\"elementor-widget-container\">\n\t\t\t\t\t\t\t\t\t<p align=\"JUSTIFY\"><strong>Departamento\/Universidad<\/strong>: Departamento de Econom\u00eda Aplicada V. Facultad de Ciencias Pol\u00edticas y Sociolog\u00eda, UCM.<\/p><p align=\"JUSTIFY\"><strong>Funci\u00f3n o Cargo:<\/strong>\u00a0Profesor Titular.<\/p><p align=\"JUSTIFY\"><strong>Formaci\u00f3n<\/strong>: Estudios de Sociolog\u00eda en la Universidad de Buenos Aires, Argentina. Licenciado en Ciencias Pol\u00edticas y Sociolog\u00eda por la Universidad Complutense de Madrid. Experto en Desarrollo Econ\u00f3mico de Am\u00e9rica Latina (CEPAL-ILPES), Doctor en Ciencias Pol\u00edticas y Sociolog\u00eda por la UCM.<\/p><p align=\"JUSTIFY\"><strong>Asignatura que imparte<\/strong>: Introducci\u00f3n a la Econom\u00eda en Am\u00e9rica Latina, Estructura Econ\u00f3mica de Am\u00e9rica Latina y Desarrollo socio-econ\u00f3mico.<\/p><p align=\"JUSTIFY\"><strong>L\u00edneas de Investigaci\u00f3n<\/strong>: Desarrollo Econ\u00f3mico, Desarrollo Territorial, Innovaci\u00f3n, Econom\u00eda Informal y Desarrollo de Grupos.<\/p><p align=\"JUSTIFY\"><strong>\u00daltimas publicaciones<\/strong>:<\/p><p align=\"JUSTIFY\">&#8211; \u201cDifusi\u00f3n del desarrollo territorial en Am\u00e9rica Latina. Alcances y\u00a0limitaciones, con una referencia al caso de M\u00e9xico\u201d, en Vidal, G. y D\u00e9niz, J. (Dirs.):\u00a0<em>Actores del desarrollo y pol\u00edticas p\u00fablicas<\/em>, F.C.E. Madrid, 2012, pp. 175-200.<\/p><p><strong>&#8211; \u201c<\/strong>Bolivia: la construcci\u00f3n participativa del desarrollo\u201d, en D\u00e9niz, J., de Le\u00f3n, O. y Palazuelos, A.:\u00a0<em>Nuevas estrategias econ\u00f3micas para Am\u00e9rica Latina<\/em>, La Catarata, Madrid, 2011, pp. 11-80<\/p><p align=\"JUSTIFY\">-\u201c<em>Am\u00e9rica Latina: democracia, econom\u00eda y desarrollo social<\/em>\u201d, Trama, Madrid, (junto a Gregorio Vidal, eds.), 2010;<\/p><p align=\"JUSTIFY\">&#8211; \u201c<em>Crisis de la industria y emergencia del Tercer Modelo en Am\u00e9rica Latina<\/em>\u201d, en Vidal, G. y Le\u00f3n Naveiro, O. de (eds.): Am\u00e9rica Latina: democracia, econom\u00eda y desarrollo social, Trama, Madrid, pp. 43-67;<\/p><p align=\"JUSTIFY\">&#8211; \u201c<em>Innovaci\u00f3n social para el desarrollo en Am\u00e9rica Latina: construyendo desde la praxis<\/em>\u201d, en Vidal, G., Guill\u00e9n, A. y D\u00e9niz, J. (coords.): Desarrollo y transformaci\u00f3n. Opciones para Am\u00e9rica Latina, F.C.E., Madrid, pp. 127-143, 2009;<\/p><p>&#8211; \u201c<em>Realidades y desaf\u00edos del desarrollo econ\u00f3mico de Am\u00e9rica Latina<\/em>\u201d, La Catarata, Madrid, Con D\u00e9niz, J. y Palazuelos, A. (coords.), 2008; \u201c<em>Innovaci\u00f3n y desarrollo en Europa y Am\u00e9rica Latina: aprendizajes de ida y vuelta<\/em>\u201d, Madri+D, N\u00ba 45, nov. Publicaci\u00f3n virtual.\u00a0<a href=\"http:\/\/www.madrimasd.org\/revista\/revista45\/\">www.madrimasd.org\/revista\/revista45\/<\/a>, 2007.<\/p>\t\t\t\t\t\t\t\t<\/div>\n\t\t\t\t<\/div>\n\t\t\t\t\t<\/div>\n\t\t\t\t<\/div>\n\t\t\t\t<\/div>\n\t\t","protected":false},"excerpt":{"rendered":"<p>Omar De Le\u00f3n Departamento\/Universidad: Departamento de Econom\u00eda Aplicada V. Facultad de Ciencias Pol\u00edticas y Sociolog\u00eda, UCM. Funci\u00f3n o Cargo:\u00a0Profesor Titular. Formaci\u00f3n: Estudios de Sociolog\u00eda en la Universidad de Buenos Aires, Argentina. Licenciado en Ciencias Pol\u00edticas y Sociolog\u00eda por la Universidad Complutense de Madrid. Experto en Desarrollo Econ\u00f3mico de Am\u00e9rica Latina (CEPAL-ILPES), Doctor en Ciencias Pol\u00edticas [&hellip;]<\/p>\n","protected":false},"author":2,"featured_media":0,"parent":0,"menu_order":0,"comment_status":"closed","ping_status":"closed","template":"","meta":{"footnotes":""},"class_list":["post-2023","page","type-page","status-publish","hentry"],"blocksy_meta":[],"_links":{"self":[{"href":"https:\/\/www.cedem.org\/index.php\/wp-json\/wp\/v2\/pages\/2023","targetHints":{"allow":["GET"]}}],"collection":[{"href":"https:\/\/www.cedem.org\/index.php\/wp-json\/wp\/v2\/pages"}],"about":[{"href":"https:\/\/www.cedem.org\/index.php\/wp-json\/wp\/v2\/types\/page"}],"author":[{"embeddable":true,"href":"https:\/\/www.cedem.org\/index.php\/wp-json\/wp\/v2\/users\/2"}],"replies":[{"embeddable":true,"href":"https:\/\/www.cedem.org\/index.php\/wp-json\/wp\/v2\/comments?post=2023"}],"version-history":[{"count":4,"href":"https:\/\/www.cedem.org\/index.php\/wp-json\/wp\/v2\/pages\/2023\/revisions"}],"predecessor-version":[{"id":2097,"href":"https:\/\/www.cedem.org\/index.php\/wp-json\/wp\/v2\/pages\/2023\/revisions\/2097"}],"wp:attachment":[{"href":"https:\/\/www.cedem.org\/index.php\/wp-json\/wp\/v2\/media?parent=2023"}],"curies":[{"name":"wp","href":"https:\/\/api.w.org\/{rel}","templated":true}]}}