{"id":2022,"date":"2024-02-23T15:56:29","date_gmt":"2024-02-23T21:56:29","guid":{"rendered":"http:\/\/www.cedem.org\/?page_id=2022"},"modified":"2024-02-27T13:37:20","modified_gmt":"2024-02-27T19:37:20","slug":"dr-antonio-palazuelos","status":"publish","type":"page","link":"https:\/\/www.cedem.org\/index.php\/dr-antonio-palazuelos\/","title":{"rendered":"Dr. Antonio Palazuelos"},"content":{"rendered":"\t\t<div data-elementor-type=\"wp-page\" data-elementor-id=\"2022\" class=\"elementor elementor-2022\">\n\t\t\t\t<div class=\"elementor-element elementor-element-9461ede e-flex e-con-boxed e-con e-parent\" data-id=\"9461ede\" data-element_type=\"container\" data-e-type=\"container\">\n\t\t\t\t\t<div class=\"e-con-inner\">\n\t\t\t\t<div class=\"elementor-element elementor-element-48aa77e elementor-widget elementor-widget-heading\" data-id=\"48aa77e\" data-element_type=\"widget\" data-e-type=\"widget\" data-widget_type=\"heading.default\">\n\t\t\t\t<div class=\"elementor-widget-container\">\n\t\t\t\t\t<h2 class=\"elementor-heading-title elementor-size-default\">Antonio Palazuelos<\/h2>\t\t\t\t<\/div>\n\t\t\t\t<\/div>\n\t\t\t\t<div class=\"elementor-element elementor-element-b59b2d9 elementor-widget elementor-widget-text-editor\" data-id=\"b59b2d9\" data-element_type=\"widget\" data-e-type=\"widget\" data-widget_type=\"text-editor.default\">\n\t\t\t\t<div class=\"elementor-widget-container\">\n\t\t\t\t\t\t\t\t\t<p><strong>palazuelosa@cps.ucm.es<\/strong><\/p><p><em>Departamento de Econom\u00eda Aplicada V, Facultad de CC. Pol\u00edticas\u00a0y Sociolog\u00eda<\/em><\/p><p><em>UNIVERSIDAD COMPLUTENSE DE MADRID (UCM)<\/em><\/p><p><strong>\u00a0<\/strong><\/p><p>Sociologo y Economista, cuenta con\u00a0el Doctorado en\u00a0\u00a0Ciencias Pol\u00edticas y Sociolog\u00eda\u00a0por la Facultad de CC. Pol\u00edticas y Sociolog\u00eda de la U.C.M. Acutalmente es Profesor de plantilla (titular), a tiempo completo en el Departamento de Econom\u00eda Aplicada V, de la misma instituci\u00f3n, en donde imparte docencia desde octubre de 1985, principalmente en las materias de\u00a0<em>Econom\u00eda Mundial, Econom\u00eda de Am\u00e9rica Latina, Econom\u00eda del Mercado de Trabajo y Econom\u00eda del Desarrollo<\/em>\u00a0a nivel licenciatura<em>.<\/em><\/p><p>Es Coordinador del Programa de Doctorado del Departamento de Econom\u00eda Aplicada, donde ha impartido docencia con los cursos<em>Replanteamiento del papel econ\u00f3mico del Estado. Un an\u00e1lisis comparativo: Am\u00e9rica Latina, Magreb y Espa\u00f1a (1995-1998),\u00a0Integraci\u00f3n econ\u00f3mica y desequilibrios regionales y sociales (1998-2000),\u00a0Educaci\u00f3n y mercados de trabajo en Am\u00e9rica Latina, (2000-2006),\u00a0\u00a0<\/em>y\u00a0<em>Los mercados de trabajo en el marco de la globalizaci\u00f3n (2006-20010).<\/em><\/p><p>Coordinador del Master en\u00a0<em>Estudios Contempor\u00e1neos en Am\u00e9rica Latina<\/em>\u00a0donde imparte docencia con las materias\u00a0<em>Estructura econ\u00f3mica de Am\u00e9rica Latina, Problem\u00e1tica de los procesos de integraci\u00f3n en Am\u00e9rica Latina, Mercado de trabajo y migraciones internacionales en Am\u00e9rica Latina<\/em>.<\/p><p>Coordinador de la Maestr\u00eda\u00a0en Desarrollo Econ\u00f3mico de Am\u00e9rica Latina que ha impartido la Universidad Internacional de Andalucia (sede La R\u00e1bida), durante ocho ediciones seguidas, donde ha impartido docencia en las materias\u00a0<em>Los mercados de trabajo en Am\u00e9rica Latina,\u00a0<\/em>y\u00a0<em>Problem\u00e1tica de los sistemas educativos y de salud en Am\u00e9rica Latina.<\/em><\/p><p>\u00a0Ha impartido docencia en diversas universidades espa\u00f1olas y latinoamericanas, destacando Magister y Cursos de Especialista del Instituto Universitario de Desarrollo y Cooperaci\u00f3n de la U.C.M., Magister de Estudios Latinoamericanos de la U.C.M., Doctorado en la Facultad de Econom\u00eda del Pa\u00eds Vasco, Doctorado en la Universidad Nacional Aut\u00f3noma de M\u00e9xico, Universidad Nacional de Tucum\u00e1n (Argentina), Escuela de Alto Gobierno, en la Facultad de Administraci\u00f3n P\u00fablica en Bogot\u00e1 (Colombia), Maestr\u00eda de Pol\u00edticas P\u00fablicas en la Universidad Landivar de Gutaemala, Doctorado en la Universidad de Cuenca (Ecuador)<\/p><p>Ha participado como miembro de diversas redes universitarias e investigadoras que vinculan universidades espa\u00f1olas y latinoamericanas como REDIELA\u00a0(Universidad Aut\u00f3noma de Barcelona, Espa\u00f1a;\u00a0Universidad de Valladolid, Espa\u00f1a; Universidad Complutense de Madrid, Espa\u00f1a; Universidad de Guadalajara, M\u00e9xico; Universidad de Quilmes, Argentina; Instituto de Estudios Internacionales de Santiago de Chile), REDEC (Universidad Aut\u00f3noma de Barcelona, Espa\u00f1a; Universidad de Valladolid, Espa\u00f1a; Universidad Complutense de Madrid, Espa\u00f1a; Universidad de Quilmes, Argentina; Universidad Nacional de Costa Rica; Universidad Mayor de San Andr\u00e9s de Bolivia),\u00a0REDESFRO-ALFA EurtopeAid (Universidad Complutense de Madrid, Espa\u00f1a; Universidad de las Americas en Puebla, M\u00e9xico; Universidad de Buenos Aires, Argentina; Universidad Nacional de Costa Rica) RED DE DOCENCIA (Universidad de Alicante, Espa\u00f1a;\u00a0Universidad Complutense de Madrid, Espa\u00f1a;\u00a0Universidad de Murcia, Espa\u00f1a;\u00a0Universidad de Cuenca, Ecuador;\u00a0Universidad Javeriana, Bogot\u00e1 Colombia;\u00a0Universidad Nacional de Brasilia, Brasil).<\/p><p>Ha dirigido numerosas Tesis doctorales y Tesis de maestr\u00eda en las diversas universidades en las que ha participado en proyectos docentes.<\/p><p>\u00a0Entre sus \u00faltimas publicaciones podemos encontrar\u00a0\u201dBrasil: La econom\u00eda \u201cemergente\u201d latinoamericana y su significado en la Nueva Divisi\u00f3n Internacional del Trabajo actual\u201d, en Correa, E. y A. Palazuelos (coords),\u00a0<em>Capitalismo y hegemon\u00eda: los desaf\u00edos de la inequidad\u201d\u00a0<\/em>\u00a0La Catarata, Madrid, 2010 (en prensa);\u00a0\u201cParticipaci\u00f3n electoral y posicionamiento pol\u00edtico de los inmigrantes ecuatorianos en la Comunidad de Madrid\u201d, en De la Fuente, Rosa (coord.),\u00a0<em>Participaci\u00f3n pol\u00edtica de los inmigrantes latinoamericanos en la Comunidad de Madrid,\u00a0<\/em>Trama, Madrid, 2010;\u00a0\u201dEcuador: del \u201cno-pa\u00eds\u201d al proyecto del Movimiento PAIS. \u00bfSon las pol\u00edticas laborales y migratorias actuales elementos de una nueva estrategia de desarrollo para Ecuador?, en Vidal, G, A. Guill\u00e9n y J. D\u00e9niz (coords),\u00a0<em>Desarrollo y transformaci\u00f3n. Opciones para Am\u00e9rica Latina,\u00a0<\/em>Fondo de Cultura Econ\u00f3mica, Madrid, 2010;\u00a0D\u00e9niz, J, de Le\u00f3n, O y A. Palazuelos (coords):\u00a0<em>Realidades y desaf\u00edos del desarrollo econ\u00f3mico de Am\u00e9rica Latina\u201d,\u00a0<\/em>editorial La Catarata-UNIA, Madrid, 2008;\u00a0\u201dPrecarizaci\u00f3n del empleo\u201d, en Correa, E., J. D\u00e9niz y A. Palazuelos (coords),\u00a0<em>Am\u00e9rica Latina y Desarrollo. Estructura, inserci\u00f3n externa y sociedad\u201d,\u00a0<\/em>Editorial Akal, Madrid, 2007;\u00a0\u201dLos capitalismo emergentes en la nueva arquitectura internacional, \u00bfqu\u00e9 hay de nuevo en la Divisi\u00f3n Internacional del Trabajo?, en la\u00a0<em>Revista Papeles<\/em><em>\u00a0del Este<\/em>\u00a0n\u00ba 14, Madrid, 2007; \u201cEl estudio de las migraciones desde el lugar de origen: razones, significados e incidencia en el desarrollo econ\u00f3mico y social\u201d, en\u00a0<em>Revista Papeles del Este<\/em>\u00a0n\u00ba 12, Madrid, 2006;\u00a0Rese\u00f1a al texto de Marcos Kaplan \u201cEstado y Globalizaci\u00f3n\u201d, en la\u00a0<em>Revista Econom\u00eda UNAM<\/em>, n\u00ba 3, M\u00e9xico, 2004;\u00a0\u201dA AIDS E o Desenvolvimento Economico na Africa Subsaariana\u201d, en la\u00a0<em>Revista Fragmentos<\/em><em>\u00a0de Cultura<\/em>, Universidad Cat\u00f3licas de Goias, Brasil, 2003;\u00a0\u201dIntroducci\u00f3n a la realidad econ\u00f3mica latinaomericana\u201d, en Harto, Fernando (coord),\u00a0<em>Comunicaci\u00f3n y globalizaci\u00f3n en Am\u00e9rica Latina,\u00a0<\/em>editorial Hacer-CECAL, Madrid, 2000; \u201cLas pol\u00edticas de ajuste en el Magreb\u201d, en Arrizabalo, Xabier (coord),\u00a0<em>Crisis y ajuste en la econom\u00eda mundial. Implicaciones y significados de las pol\u00edticas del FMI y el Banco Mundial,\u00a0<\/em>Editorial S\u00edntesis, 1998; entre muchas otras.<\/p>\t\t\t\t\t\t\t\t<\/div>\n\t\t\t\t<\/div>\n\t\t\t\t\t<\/div>\n\t\t\t\t<\/div>\n\t\t\t\t<\/div>\n\t\t","protected":false},"excerpt":{"rendered":"<p>Antonio Palazuelos palazuelosa@cps.ucm.es Departamento de Econom\u00eda Aplicada V, Facultad de CC. Pol\u00edticas\u00a0y Sociolog\u00eda UNIVERSIDAD COMPLUTENSE DE MADRID (UCM) \u00a0 Sociologo y Economista, cuenta con\u00a0el Doctorado en\u00a0\u00a0Ciencias Pol\u00edticas y Sociolog\u00eda\u00a0por la Facultad de CC. Pol\u00edticas y Sociolog\u00eda de la U.C.M. Acutalmente es Profesor de plantilla (titular), a tiempo completo en el Departamento de Econom\u00eda Aplicada V, [&hellip;]<\/p>\n","protected":false},"author":2,"featured_media":0,"parent":0,"menu_order":0,"comment_status":"closed","ping_status":"closed","template":"","meta":{"footnotes":""},"class_list":["post-2022","page","type-page","status-publish","hentry"],"blocksy_meta":[],"_links":{"self":[{"href":"https:\/\/www.cedem.org\/index.php\/wp-json\/wp\/v2\/pages\/2022","targetHints":{"allow":["GET"]}}],"collection":[{"href":"https:\/\/www.cedem.org\/index.php\/wp-json\/wp\/v2\/pages"}],"about":[{"href":"https:\/\/www.cedem.org\/index.php\/wp-json\/wp\/v2\/types\/page"}],"author":[{"embeddable":true,"href":"https:\/\/www.cedem.org\/index.php\/wp-json\/wp\/v2\/users\/2"}],"replies":[{"embeddable":true,"href":"https:\/\/www.cedem.org\/index.php\/wp-json\/wp\/v2\/comments?post=2022"}],"version-history":[{"count":4,"href":"https:\/\/www.cedem.org\/index.php\/wp-json\/wp\/v2\/pages\/2022\/revisions"}],"predecessor-version":[{"id":2082,"href":"https:\/\/www.cedem.org\/index.php\/wp-json\/wp\/v2\/pages\/2022\/revisions\/2082"}],"wp:attachment":[{"href":"https:\/\/www.cedem.org\/index.php\/wp-json\/wp\/v2\/media?parent=2022"}],"curies":[{"name":"wp","href":"https:\/\/api.w.org\/{rel}","templated":true}]}}