{"id":2020,"date":"2024-02-23T15:56:29","date_gmt":"2024-02-23T21:56:29","guid":{"rendered":"http:\/\/www.cedem.org\/?page_id=2020"},"modified":"2024-02-27T13:45:32","modified_gmt":"2024-02-27T19:45:32","slug":"dr-jose-deniz","status":"publish","type":"page","link":"https:\/\/www.cedem.org\/index.php\/dr-jose-deniz\/","title":{"rendered":"Dr. Jos\u00e9 D\u00e9niz"},"content":{"rendered":"\t\t<div data-elementor-type=\"wp-page\" data-elementor-id=\"2020\" class=\"elementor elementor-2020\">\n\t\t\t\t<div class=\"elementor-element elementor-element-99cc2e5 e-flex e-con-boxed e-con e-parent\" data-id=\"99cc2e5\" data-element_type=\"container\" data-e-type=\"container\">\n\t\t\t\t\t<div class=\"e-con-inner\">\n\t\t\t\t<div class=\"elementor-element elementor-element-d52af70 elementor-widget elementor-widget-heading\" data-id=\"d52af70\" data-element_type=\"widget\" data-e-type=\"widget\" data-widget_type=\"heading.default\">\n\t\t\t\t<div class=\"elementor-widget-container\">\n\t\t\t\t\t<h2 class=\"elementor-heading-title elementor-size-default\">Jos\u00e9 D\u00e9niz<\/h2>\t\t\t\t<\/div>\n\t\t\t\t<\/div>\n\t\t\t\t<div class=\"elementor-element elementor-element-2d3b431 elementor-widget elementor-widget-text-editor\" data-id=\"2d3b431\" data-element_type=\"widget\" data-e-type=\"widget\" data-widget_type=\"text-editor.default\">\n\t\t\t\t<div class=\"elementor-widget-container\">\n\t\t\t\t\t\t\t\t\t<div class=\"sm-margin-bottom-4\"><p>Cuenta con licenciaturas en Uruguay y Espa\u00f1a, maestr\u00eda en CLACSO, doctorados en Francia y Espa\u00f1a. Sociolog\u00eda, Ciencias Pol\u00edticas, Estudios Rurales, Desarrollo y Econom\u00eda. Ha sido profesor e investigador en varias universidades tanto en Europa como en Am\u00e9rica Latina: Universidad Complutense de Madrid (UCM), Instituto Universitario de Investigaci\u00f3n Ortega y Gasset de Madrid (IUIOG), Universidad de la Rep\u00fablica de Uruguay (UDELAR), Universidad Nacional Aut\u00f3noma de M\u00e9xico (UNAM). Fue director del Centro de Estudios de Am\u00e9rica Latina, el Caribe y \u00c1frica y director del Curso Desigualdad, Cooperaci\u00f3n y Desarrollo (ambos en la UCM), director de la Maestr\u00eda sobre Desarrollo Econ\u00f3mico en Am\u00e9rica Latina en la Universidad Internacional de Andaluc\u00eda (UNIA). Las asignaturas que ha impartido son: Teor\u00edas del Desarrollo; Econom\u00eda del Desarrollo; Estructura Econ\u00f3mica Mundial; El comercio y la financiaci\u00f3n externa de Am\u00e9rica Latina y el Caribe; e Integraci\u00f3n econ\u00f3mica y desarrollo en Am\u00e9rica Latina. Sobre los temas citados tiene varias publicaciones en libros y revistas.<\/p><p>\u00a0<\/p><\/div><div class=\"sm-margin-bottom-2\"><h5 class=\"font--color_gold sm-margin-bottom-1\">Publicaciones<\/h5><ul><li><a href=\"http:\/\/pueaa.unam.mx\/publicaciones\/reorganizacion-financiera\">Reorganizaci\u00f3n financiera en Asia y Am\u00e9rica Latina en el periodo de postcrisis<\/a><\/li><\/ul><\/div>\t\t\t\t\t\t\t\t<\/div>\n\t\t\t\t<\/div>\n\t\t\t\t\t<\/div>\n\t\t\t\t<\/div>\n\t\t\t\t<\/div>\n\t\t","protected":false},"excerpt":{"rendered":"<p>Jos\u00e9 D\u00e9niz Cuenta con licenciaturas en Uruguay y Espa\u00f1a, maestr\u00eda en CLACSO, doctorados en Francia y Espa\u00f1a. Sociolog\u00eda, Ciencias Pol\u00edticas, Estudios Rurales, Desarrollo y Econom\u00eda. Ha sido profesor e investigador en varias universidades tanto en Europa como en Am\u00e9rica Latina: Universidad Complutense de Madrid (UCM), Instituto Universitario de Investigaci\u00f3n Ortega y Gasset de Madrid (IUIOG), [&hellip;]<\/p>\n","protected":false},"author":2,"featured_media":0,"parent":0,"menu_order":0,"comment_status":"closed","ping_status":"closed","template":"","meta":{"footnotes":""},"class_list":["post-2020","page","type-page","status-publish","hentry"],"blocksy_meta":[],"_links":{"self":[{"href":"https:\/\/www.cedem.org\/index.php\/wp-json\/wp\/v2\/pages\/2020","targetHints":{"allow":["GET"]}}],"collection":[{"href":"https:\/\/www.cedem.org\/index.php\/wp-json\/wp\/v2\/pages"}],"about":[{"href":"https:\/\/www.cedem.org\/index.php\/wp-json\/wp\/v2\/types\/page"}],"author":[{"embeddable":true,"href":"https:\/\/www.cedem.org\/index.php\/wp-json\/wp\/v2\/users\/2"}],"replies":[{"embeddable":true,"href":"https:\/\/www.cedem.org\/index.php\/wp-json\/wp\/v2\/comments?post=2020"}],"version-history":[{"count":4,"href":"https:\/\/www.cedem.org\/index.php\/wp-json\/wp\/v2\/pages\/2020\/revisions"}],"predecessor-version":[{"id":2094,"href":"https:\/\/www.cedem.org\/index.php\/wp-json\/wp\/v2\/pages\/2020\/revisions\/2094"}],"wp:attachment":[{"href":"https:\/\/www.cedem.org\/index.php\/wp-json\/wp\/v2\/media?parent=2020"}],"curies":[{"name":"wp","href":"https:\/\/api.w.org\/{rel}","templated":true}]}}