{"id":1975,"date":"2024-02-08T16:25:00","date_gmt":"2024-02-08T22:25:00","guid":{"rendered":"http:\/\/www.cedem.org\/?page_id=1975"},"modified":"2024-02-08T16:27:37","modified_gmt":"2024-02-08T22:27:37","slug":"carlos-berzosa","status":"publish","type":"page","link":"https:\/\/www.cedem.org\/index.php\/carlos-berzosa\/","title":{"rendered":"Carlos Berzosa"},"content":{"rendered":"\t\t<div data-elementor-type=\"wp-page\" data-elementor-id=\"1975\" class=\"elementor elementor-1975\">\n\t\t\t\t<div class=\"elementor-element elementor-element-6365d9c e-flex e-con-boxed e-con e-parent\" data-id=\"6365d9c\" data-element_type=\"container\" data-e-type=\"container\">\n\t\t\t\t\t<div class=\"e-con-inner\">\n\t\t\t\t<div class=\"elementor-element elementor-element-f7c1b04 elementor-widget elementor-widget-heading\" data-id=\"f7c1b04\" data-element_type=\"widget\" data-e-type=\"widget\" data-widget_type=\"heading.default\">\n\t\t\t\t<div class=\"elementor-widget-container\">\n\t\t\t\t\t<h2 class=\"elementor-heading-title elementor-size-default\">CARLOS BERZOSA<\/h2>\t\t\t\t<\/div>\n\t\t\t\t<\/div>\n\t\t\t\t\t<\/div>\n\t\t\t\t<\/div>\n\t\t<div class=\"elementor-element elementor-element-043b288 e-flex e-con-boxed e-con e-parent\" data-id=\"043b288\" data-element_type=\"container\" data-e-type=\"container\">\n\t\t\t\t\t<div class=\"e-con-inner\">\n\t\t\t\t<div class=\"elementor-element elementor-element-4fbf9ae elementor-widget elementor-widget-image\" data-id=\"4fbf9ae\" data-element_type=\"widget\" data-e-type=\"widget\" data-widget_type=\"image.default\">\n\t\t\t\t<div class=\"elementor-widget-container\">\n\t\t\t\t\t\t\t\t\t\t\t\t\t\t\t<img fetchpriority=\"high\" decoding=\"async\" width=\"221\" height=\"300\" src=\"https:\/\/www.cedem.org\/wp-content\/uploads\/2024\/02\/carlosberzosa-221x300-1.jpeg\" class=\"attachment-large size-large wp-image-1979\" alt=\"\" \/>\t\t\t\t\t\t\t\t\t\t\t\t\t\t\t<\/div>\n\t\t\t\t<\/div>\n\t\t\t\t\t<\/div>\n\t\t\t\t<\/div>\n\t\t<div class=\"elementor-element elementor-element-66baeff e-flex e-con-boxed e-con e-parent\" data-id=\"66baeff\" data-element_type=\"container\" data-e-type=\"container\">\n\t\t\t\t\t<div class=\"e-con-inner\">\n\t\t\t\t<div class=\"elementor-element elementor-element-cb4c63a elementor-widget elementor-widget-text-editor\" data-id=\"cb4c63a\" data-element_type=\"widget\" data-e-type=\"widget\" data-widget_type=\"text-editor.default\">\n\t\t\t\t<div class=\"elementor-widget-container\">\n\t\t\t\t\t\t\t\t\t<p><strong>Carlos Berzosa Alonso-Mart\u00ednez<\/strong>\u00a0, naci\u00f3 en Madrid en el a\u00f1o 1945, es Catedr\u00e1tico de Econom\u00eda Aplicada e imparte la ense\u00f1anza fundamentalmente en las disciplinas de Estructura Econ\u00f3mica Mundial y Desarrollo Econ\u00f3mico.\u00a0Licenciado y Doctor por esta misma Universidad.\u00a0Actualmente es el Rector de la Universidad Complutense de Madrid, carga en el que ten\u00eda la posesi\u00f3n el d\u00eda 23 de junio de 2003.<\/p><p>Presidente de la Fundaci\u00f3n General de la Universidad Complutense, Presidente del Parque Cient\u00edfico de Madrid.\u00a0Acad\u00e9mico de Honor de la Real Academia de Doctores de Espa\u00f1a.\u00a0Presidente de la Red Espa\u00f1ola de Biblioteca Universitarias (REBIUN).\u00a0Ha sido durante catorce a\u00f1os Decano de la Facultad de Ciencias Econ\u00f3micas y Empresariales.En los \u00faltimos cuatro a\u00f1os ha sido miembro de la Junta de Gobierno y del Consejo Social en representaci\u00f3n de los profesores.\u00a0Ha sido, tambi\u00e9n, Director del Departamento de Econom\u00eda Aplicada I.<\/p><p>Es miembro del Consejo de redacci\u00f3n de la\u00a0<em>Revista de Econom\u00eda Mundial<\/em>\u00a0(REM) y director de la publicaci\u00f3n\u00a0<em>Revista de Econom\u00eda Cr\u00edtica<\/em>\u00a0.\u00a0Pertenece al Consejo editorial de la revista mensual\u00a0<em>Temas para el debate<\/em>\u00a0y dirige la colecci\u00f3n de econom\u00eda de la editorial S\u00edntesis.<\/p><p>En los compromisos que tiene adquiridos con la consecuci\u00f3n del desarrollo econ\u00f3mico, especialidad a la que se ha dedicado como economista, y la lucha contra la pobreza es la secretar\u00eda de la Junta directiva estatal de la Organizaci\u00f3n no Gubernamental (ONG) Acci\u00f3n para la Cooperaci\u00f3n con el Sur (ACSUR), y pertenece a la Junta Directiva del cap\u00edtulo espa\u00f1ol de la Sociedad Internacional para el Desarrollo (SID).<br \/>Ha sido colaborador de medios de comunicaci\u00f3n: Perteneci\u00f3 al Consejo editorial del diario\u00a0<em>El SOL<\/em>\u00a0;\u00a0fue colaborador, en condici\u00f3n de asesor econ\u00f3mico, de los servicios informativos de la cadena SER;\u00a0comentarista y tertuliano de Onda Cero;\u00a0colabora actualmente con la emisora \u200b\u200bIntereconom\u00eda y en la revista semanal\u00a0<em>El Siglo<\/em>\u00a0.<\/p><p><strong>Publicaciones libros recientes<\/strong><\/p><p>Sampedro, JLy Berzosa, C. (1996): Conciencia del subdesarrollo, Tauro, Madrid.<\/p><p>Berzosa, C. Santos, M. (2000):\u00a0<em>Los socialistas ut\u00f3picos.\u00a0Marx y sus disc\u00edpulos<\/em>\u00a0, S\u00edntesis, Madrid.\u00a0ISBN: 84-7738-750-8.pp.65-271.<\/p><p>Berzosa, C.;\u00a0Bustelo, P.\u00a0Iglesia, J. De la (2001):\u00a0<em>Estructura Econ\u00f3mica Mundial<\/em>\u00a0, 2\u00aa edici\u00f3n ampliada y revisada, S\u00edntesis, Madrid.\u00a0ISBN: 84-7738-439-8.<\/p><p>Berzosa, C. (2002):\u00a0<em>Los desaf\u00edos de la econom\u00eda mundial en el siglo XXI<\/em><br \/>REF.\u00a0Editorial Nivola, Madrid.\u00a0ISBN: 84-95599-49-X.<\/p><p><strong>Art\u00edculos en libros y revistas recientes<\/strong><\/p><p>Berzosa, C. (1997): \u201cLa econom\u00eda espa\u00f1ola ante la futura Uni\u00f3n Monetaria\u201d \u00c1RBITRO.\u00a0Libro Nieto Sol\u00eds, JA:\u00a0<em>La econom\u00eda espa\u00f1ola ante la Uni\u00f3n Monetaria Europea<\/em>\u00a0, S\u00edntesis, Madrid.\u00a0ISBN: 84-7738-491-6.pp.\u00a051-56.<\/p><p>Berzosa, C. (1997): \u201cMercado de trabajo y Estado de Bienestar\u201d REF.\u00a0Libro Guerra, A .;\u00a0Soares, M .;\u00a0Rocard, M. y otros:\u00a0<em>Una nueva pol\u00edtica social y econ\u00f3mica<\/em>\u00a0para Europa, Editorial Sistema, Madrid.\u00a0ISBN: 84-86497-33-7.pp.97-113.<\/p><p>Berzosa, C. (1998): \u201cTrabajo productivo e improductivo\u201d REF.\u00a0Libro Villota, P. (editora): Las mujeres y la ciudadan\u00eda en el umbral del siglo XXI, Editorial Complutense, Madrid.<\/p><p>Berzosa, C. (1998): \u201cHacia una conciencia mundial\u201d REF.\u00a0Libro Cuadernos de Arteleku, n\u00famero 14. ISBN: 84-7907-255-5.pp.67-78.<\/p><p>Berzosa, C. (1999): \u201cLa desigualdad Norte- Sur\u201d REF.\u00a0Villota, P. (editora): Globalizaci\u00f3n y G\u00e9nero, S\u00edntesis, Madrid.\u00a0ISBN: 84-7738-646-3.pp.99-108.<\/p><p>Berzosa, C. (1999): \u201cGlobalizaci\u00f3n y nuevas arquitecturas pol\u00edticas\u201d REF.\u00a0Libro Selgas, FJ y Monle\u00f3n, JB: Retos de la posmodernidad, Trotta, Madrid.\u00a0ISBN: 84-8164-272-X.pp.293-301.<\/p><p>Berzosa, C. (1999): \u201cDesigualdad econ\u00f3mica y Estado del bienestar\u201dREF.\u00a0Libro Fern\u00e1ndez Garc\u00eda, T. Y Garc\u00e9s Ferrer, J.:Cr\u00edtica y futuro del Estado del<em>\u00a0<\/em>Bienestar, Tirant lo Blanch, Valencia.ISBN: 84-8002-873-4.pp.35-51.<\/p><p>Berzosa, C. (1999): \u201cEl subdesarrollo, una toma de conciencia para el siglo XXI\u201d REF.\u00a0Libro VVAA: Derechos humanos y desarrollo, Mensajero, Bilbao.\u00a0.ISBN: 84-271-2257-8.pp.17-29.<\/p><p>Berzosa, C. (1999): \u201cMercado, Estado y Econom\u00eda Mundial\u201d REF: Revista de Econom\u00eda mundial, n\u00famero 1.pp. 29-50.<\/p><p>Berzosa, C. (2000): \u201cLa econom\u00eda cr\u00edtica en el mundo y en Espa\u00f1a\u201d\u00a0REF.libro Guerrero, D. (editor):\u00a0<em>Macroeconom\u00eda y crisis mundial<\/em>\u00a0, Trotta, Madrid. ISBN: 84-8164-420-X.pp.245-250.<\/p><p>Berzosa, C. (2000): \u201cTreinta a\u00f1os de desempleo y treinta a\u00f1os sin Keynes\u201d REF.\u00a0<em>Revista\u00a0Sistema,<\/em>\u00a0N\u00fameros 155\/156\u00a0<em>,<\/em>\u00a0Abril. Pp.63-70.<\/p><p>Berzosa, C. (2000): \u201cM\u00e9xico y Espa\u00f1a ante dos procesos de integraci\u00f3n\u201d en\u00a0<em>Comercio Exterior<\/em>\u00a0, vol. 50, n\u00famero 8, agosto. pp. 718-723.<\/p><p>Berzosa, C. (2000): \u201dLas pol\u00edticas neoliberales\u201d REF. Revista<em>\u00a0Papeles de la FIM<\/em>, n\u00famero 15.2\u00aa \u00e9poca. pp. 15-25.<\/p><p>Berzosa, C. (2001): \u201dLa econom\u00eda y la socialdemocracia en las sociedades avanzadas\u201d REF. Libro Fern\u00e1ndez Garc\u00eda, T. ; Mar\u00edn S\u00e1nchez, M.:<em>\u00a0Estado de bienestar y socialdemocracia<\/em>, Alianza editorial, Madrid. ISBN: 84-206-4466-8.pp.41-61.<\/p><p>Berzosa, C. (2001): \u201dDesigualdad econ\u00f3mica y desarrollo sostenible\u201d REF. Libro Santana Vega, L.E.( coordinadora):<em>\u00a0Trabajo, educaci\u00f3n y cultura<\/em>,\u00a0 Pir\u00e1mide, Madrid. ISBN: 84-368-1604-8.pp. 31-39.<\/p><p>Berzosa, C. (2001): \u201dEl Fondo Monetario Internacional y el Banco Mundial en la econom\u00eda internacional\u201d REF. Libro Farr\u00e9, M. Allepuz,R.(editores):\u00a0<em>Globalizaci\u00f3n y dependencia<\/em>,\u00a0 Edicions\u00a0 de la Universitat de Lleida. ISBN: 84-8409-103-1.pp.45-68<\/p><p>Berzosa, C.(2001):\u201d Alternativas a la globalizaci\u00f3n\u201d REF. Revista\u00a0<em>Mientras Tanto<\/em>, n\u00famero 80. pp. 49-63.<\/p><p>Berzosa, C. (2001):\u201d El orden econ\u00f3mico internacional\u201d\u00a0REF. Revista\u00a0<em>Anales de la C\u00e1tedra Francisco Su\u00e1rez,\u00a0<\/em>n\u00famero 35. pp. 9-21.<\/p><p>Berzosa, C. (2002): \u201cLas escuelas de pensamiento econ\u00f3mico\u201d\u00a0REF. Libro Guerrero, D.\u00a0<em>Manual de Econom\u00eda Pol\u00edtica,<\/em>\u00a0S\u00edntesis, Madrid. ISBN: 84-7738-941-1.pp.221-258.<\/p><p>Berzosa, C. (2002):\u201d Desigualdad econ\u00f3mica mundial\u201d\u00a0REF. Libro Tezanos, J.F.\u00a0<em>Clase, estatus y poder en las sociedades emergentes,<\/em>\u00a0Editorial Sistema, Madrid. ISBN: 84-96497-54-X. pp.85-100.<\/p><p>Berzosa, C. (2002): \u201cSubdesenvolupament i desigualtat en la distribuci\u00f3 de la renda en el m\u00f3n\u201d\u00a0Ref. Libro Vidal Villa, J. M.( coordinador):<em>\u00a0Cap a un m\u00f3n m\u00e9s o menys igualitari?<\/em>, biblioteca universitaria, Barcelona, ISBN: 84-7306-787-8.pp.39-60.<\/p><p>Berzosa, C (2003):\u201dLa lucha contra las desigualdades\u201d en Guerra, A. Tezanos (Eds.):<em>\u00a0Alternativas para el siglo XXI<\/em>, Editorial Sistema,\u00a0 Madrid. ISBN: 84-86497-56-6.<\/p><p>Berzosa, C. (2003): \u201cHistoria econ\u00f3mica: desarrollo y subdesarrollo\u201d REF.\u00a0<em>Estudios de Historia y de Pensamiento Econ\u00f3mico.\u00a0 Homenaje al Prof. Francisco Bustelo Garc\u00eda del Real<\/em>. Editorial Complutense, Madrid. ISBN: 84-7491-733-6. pp. 685-708.<\/p><p>Berzosa, C. (2003): \u201cEl bienestar en la econom\u00eda mundial\u201d. REF. Libro Fontela Montes, Emilio; Guzm\u00e1n Cuevas, Joaqu\u00edn (Coord.):\u00a0<em>Econom\u00eda \u00e9tica y bienestar social<\/em>. Ediciones Pir\u00e1mide, Madrid. ISBN: 84-368-1811-3. pp. 125-150.<\/p><p>Berzosa, C. (2004): Pr\u00f3logo. REF. Vidal Villa, Jos\u00e9 Mar\u00eda:\u00a0<em>Lecciones sobre capitalismo y desarrollo<\/em>. Lanclau, Mercedes, Ed. Col.lecci\u00f3 Homenatges. (Universitat de Barcelona). ISBN: 84-475-2862-6.<\/p><p>Berzosa, C (2004): \u201cEl subdesarrollo en la econom\u00eda mundial\u201d. REF. M. Rivas, David (Coord.):\u00a0<em>Desarrollo sostenible y estructura econ\u00f3mica mundial.<\/em>\u00a0CIDEAL. Fundaci\u00f3n Asistencia T\u00e9cnica para el Desarrollo. ISBN: 84-87082-23-8. pp. 41-55.<\/p><p>Berzosa, C. (2004): \u201cLas controversias olvidadas de la econom\u00eda\u201d. REF. Guzm\u00e1n Cuevas, Joaqu\u00edn; Pajares Ruiz, Antonio (Coord.):\u00a0<em>Lecturas de Econom\u00eda Aplicada. Homenaje al Profesor Antonio Rallo<\/em>. Digital, Ed. ISBN: 84-688-9699-3. pp. 37-43.<\/p><p>Berzosa, C (2004): \u201cDe una Europa dividida a una Europa desigual\u201d. REF.\u00a0<em>Espa\u00f1a ante la Constituci\u00f3n Europea<\/em>. Ciclo de Conferencias 2003-2004. Club Siglo XXI. Uni\u00f3n Editorial. ISBN: 84-7209-407-3. pp. 73-86.<\/p><p>Berzosa, C. (2004): \u201cMalos tiempos para la cohesi\u00f3n social\u201d. REF. Guerra, Alfonso; Tezanos, J.F. (Eds.):\u00a0<em>Pol\u00edticas econ\u00f3micas para el siglo XXI<\/em>. Editorial Sistema, Madrid. ISBN: 84-86497-60-4. pp. 267-285.<\/p><p>Berzosa, C. (2005): \u201cEconom\u00eda del subdesarrollo y subdesarrollo de la econom\u00eda\u201d. Discurso de Ingreso como Acad\u00e9mico de Honor en la Real Academia de Doctores de Espa\u00f1a \u201c.<\/p><p>Berzosa, C (2005):\u201d Condiciones econ\u00f3micas y sociales y riesgos para la paz internacional \u201c. \u00c1RBITRO.\u00a0Guerra, Alfonso;\u00a0Tezanos, JF (Eds.) :\u00a0<em>La paz y el derecho internacional.<\/em>\u00a0Editorial Sistema, Madrid.\u00a0ISBN: 84-86497-64-7.\u00a0Pp. 33-38.<\/p>\t\t\t\t\t\t\t\t<\/div>\n\t\t\t\t<\/div>\n\t\t\t\t\t<\/div>\n\t\t\t\t<\/div>\n\t\t\t\t<\/div>\n\t\t","protected":false},"excerpt":{"rendered":"<p>CARLOS BERZOSA Carlos Berzosa Alonso-Mart\u00ednez\u00a0, naci\u00f3 en Madrid en el a\u00f1o 1945, es Catedr\u00e1tico de Econom\u00eda Aplicada e imparte la ense\u00f1anza fundamentalmente en las disciplinas de Estructura Econ\u00f3mica Mundial y Desarrollo Econ\u00f3mico.\u00a0Licenciado y Doctor por esta misma Universidad.\u00a0Actualmente es el Rector de la Universidad Complutense de Madrid, carga en el que ten\u00eda la posesi\u00f3n el [&hellip;]<\/p>\n","protected":false},"author":2,"featured_media":0,"parent":0,"menu_order":0,"comment_status":"closed","ping_status":"closed","template":"","meta":{"footnotes":""},"class_list":["post-1975","page","type-page","status-publish","hentry"],"blocksy_meta":[],"_links":{"self":[{"href":"https:\/\/www.cedem.org\/index.php\/wp-json\/wp\/v2\/pages\/1975","targetHints":{"allow":["GET"]}}],"collection":[{"href":"https:\/\/www.cedem.org\/index.php\/wp-json\/wp\/v2\/pages"}],"about":[{"href":"https:\/\/www.cedem.org\/index.php\/wp-json\/wp\/v2\/types\/page"}],"author":[{"embeddable":true,"href":"https:\/\/www.cedem.org\/index.php\/wp-json\/wp\/v2\/users\/2"}],"replies":[{"embeddable":true,"href":"https:\/\/www.cedem.org\/index.php\/wp-json\/wp\/v2\/comments?post=1975"}],"version-history":[{"count":4,"href":"https:\/\/www.cedem.org\/index.php\/wp-json\/wp\/v2\/pages\/1975\/revisions"}],"predecessor-version":[{"id":1982,"href":"https:\/\/www.cedem.org\/index.php\/wp-json\/wp\/v2\/pages\/1975\/revisions\/1982"}],"wp:attachment":[{"href":"https:\/\/www.cedem.org\/index.php\/wp-json\/wp\/v2\/media?parent=1975"}],"curies":[{"name":"wp","href":"https:\/\/api.w.org\/{rel}","templated":true}]}}