{"id":1748,"date":"2024-02-06T15:46:50","date_gmt":"2024-02-06T21:46:50","guid":{"rendered":"http:\/\/www.cedem.org\/?page_id=1748"},"modified":"2024-02-08T16:00:11","modified_gmt":"2024-02-08T22:00:11","slug":"jose-luis-sampedro","status":"publish","type":"page","link":"https:\/\/www.cedem.org\/index.php\/jose-luis-sampedro\/","title":{"rendered":"Jos\u00e9 Luis Sampedro"},"content":{"rendered":"\t\t<div data-elementor-type=\"wp-page\" data-elementor-id=\"1748\" class=\"elementor elementor-1748\">\n\t\t\t\t<div class=\"elementor-element elementor-element-5f2efe1 e-flex e-con-boxed e-con e-parent\" data-id=\"5f2efe1\" data-element_type=\"container\" data-e-type=\"container\">\n\t\t\t\t\t<div class=\"e-con-inner\">\n\t\t\t\t<div class=\"elementor-element elementor-element-071bb4e elementor-widget elementor-widget-heading\" data-id=\"071bb4e\" data-element_type=\"widget\" data-e-type=\"widget\" data-widget_type=\"heading.default\">\n\t\t\t\t<div class=\"elementor-widget-container\">\n\t\t\t\t\t<h2 class=\"elementor-heading-title elementor-size-default\">Jos\u00e9 Luis Sampedro<\/h2>\t\t\t\t<\/div>\n\t\t\t\t<\/div>\n\t\t\t\t\t<\/div>\n\t\t\t\t<\/div>\n\t\t<div class=\"elementor-element elementor-element-ffe8421 e-flex e-con-boxed e-con e-parent\" data-id=\"ffe8421\" data-element_type=\"container\" data-e-type=\"container\">\n\t\t\t\t\t<div class=\"e-con-inner\">\n\t\t\t\t<div class=\"elementor-element elementor-element-796ddb8 elementor-widget elementor-widget-text-editor\" data-id=\"796ddb8\" data-element_type=\"widget\" data-e-type=\"widget\" data-widget_type=\"text-editor.default\">\n\t\t\t\t<div class=\"elementor-widget-container\">\n\t\t\t\t\t\t\t\t\t<h3>Jos\u00e9 Luis Sampedro<\/h3><p>\u00a0<\/p><p><a href=\"http:\/\/cedem.izt.uam.mx\/~ftpcedem\/htdocs\/2010\/02\/jose-luis-sampedro.gif\"><img decoding=\"async\" class=\"alignleft size-full wp-image-1070\" title=\"jose-luis-sampedro\" src=\"http:\/\/cedem.izt.uam.mx\/~ftpcedem\/htdocs\/2010\/02\/jose-luis-sampedro.gif\" alt=\"jose-luis-sampedro\" width=\"210\" height=\"200\" \/><\/a>Naci\u00f3 en Barcelona en 1917.<\/p><p>En 1940 fue funcionario de aduanas en Melilla. Posteriormente realiza sus estudios en Ciencias Econ\u00f3micas en la Universidad de Madrid, consiguiendo la Licenciatura con Premio Extraordinario en 1947 y es nombrado profesor encargado. Un a\u00f1o despu\u00e9s entra en el Servicio de Estudios del Banco Exterior de Espa\u00f1a.<\/p><p>En 1951 fue nombrado asesor del Ministro de Comercio. En 1955 asume el cargo de Catedr\u00e1tico de Estructura Econ\u00f3mica en la Universidad Complutense de Madrid, paralelamente ocup\u00f3 el puesto de Subdirector General del Banco Exterior hasta 1969. Fue uno de los fundadores del Centro de Estudios e Investigaciones (CEISA).<\/p><p>En 1968 fue designado \u201cAnn Howard Shaw Lecturer\u201d en la universidad norteamericana \u201cBryn Mawr College\u201d. A principios de la d\u00e9cada de los setenta, decidi\u00f3 aceptar un puesto de profesor visitante (\u201cVisiting Profesor\u201d) en las universidades inglesas de Salford y Liverpool. En 1971 regres\u00f3 al Ministerio de Hacienda como asesor Econ\u00f3mico de la Direcci\u00f3n General de Aduanas e imparti\u00f3 cursos en la Escuela Diplom\u00e1tica, el Instituto de Estudios Fiscales y en la Universidad Aut\u00f3noma de Barcelona. En 1976 regresa al Banco Exterior como Economista Asesor. En 1977 fue elegido senador por designaci\u00f3n real en las primeras Cortes democr\u00e1ticas (puesto que ocup\u00f3 hasta 1979) y vicepresidente de la Fundaci\u00f3n Banco Exterior. En 1984 retoma su cargo como Director General de Aduanas donde llega su jubilaci\u00f3n. En 1990 es nombrado miembro de la Real Academia Espa\u00f1ola.<\/p><p>A si mismo ha escrito diversidad de novelas, cuentos y obras de teatro, situaci\u00f3n que lo hizo poseedor del VI Premio Juli\u00e1n Besteiro de las Artes y las Letras. Es presidente honorario no ejecutivo de la empresa Sintratel, junto con Jos\u00e9 Saramago y escribe en la revista\u00a0<em>Uno.<\/em><\/p><p><em><strong>Obras econ\u00f3micas<\/strong><\/em><\/p><ul><li>Principios pr\u00e1cticos de localizaci\u00f3n industrial, 1957.<\/li><li>Realidad econ\u00f3mica y an\u00e1lisis estructural, 1959.<\/li><li>Conciencia del subdesarrollo, 1973.<\/li><li>Las fuerzas econ\u00f3micas de nuestro tiempo, 1967.<\/li><li>Inflaci\u00f3n: una versi\u00f3n completa, 1976.<\/li><li>El mercado y la globalizaci\u00f3n, 2002.<\/li><li>Los mongoles en Bagdad, 2003.<\/li><\/ul><p><em><strong>Novela:<\/strong><\/em><\/p><ul><li>Congreso en Estocolmo, 1951.<\/li><li>El r\u00edo que nos lleva, 1961.<\/li><li>El caballo desnudo, 1970.<\/li><li>Octubre, octubre, 1981.<\/li><li>La sonrisa etrusca, 1985.<\/li><li>La vieja sirena, 1990.<\/li><li>Real sitio, 1993<\/li><li>La estatua de Adolfo Espejo, 1994.<\/li><li>La sombra de los d\u00edas, 1994.<\/li><li>El amante lesbiano, 2000.<\/li><li>La senda del drag\u00f3n, 2006.<\/li><\/ul><p><em><strong>Cuento<\/strong><\/em><\/p><ul><li>Mar al fondo, 1992.<\/li><li>Mientras la tierra gira, 1993.<\/li><\/ul><p><em><strong>Teatro.<\/strong><\/em><\/p><ul><li>La paloma de Cart\u00f3n 1948<\/li><\/ul><p><strong>\u00a0<\/strong><\/p><p><strong>FUENTES:<\/strong><\/p><ul><li><a href=\"http:\/\/www.escritores.org\/\"><strong>www.escritores.org<\/strong><\/a><\/li><li><a href=\"http:\/\/www.clubcultura.com\/\"><strong>www.clubcultura.com<\/strong><\/a><\/li><li><strong>http.es.wikipedia.org<\/strong><\/li><\/ul>\t\t\t\t\t\t\t\t<\/div>\n\t\t\t\t<\/div>\n\t\t\t\t\t<\/div>\n\t\t\t\t<\/div>\n\t\t<div class=\"elementor-element elementor-element-b34ba3f e-flex e-con-boxed e-con e-parent\" data-id=\"b34ba3f\" data-element_type=\"container\" data-e-type=\"container\">\n\t\t\t\t\t<div class=\"e-con-inner\">\n\t\t\t\t<div class=\"elementor-element elementor-element-1584b53 elementor-widget elementor-widget-html\" data-id=\"1584b53\" data-element_type=\"widget\" data-e-type=\"widget\" data-widget_type=\"html.default\">\n\t\t\t\t<div class=\"elementor-widget-container\">\n\t\t\t\t\t<video src=\"http:\/\/tmpcsh.izt.uam.mx\/cedem\/media\/El%20poder%20manipula%20y%20crea%20una%20opini%c3%b3n_2011.%20.mp4\" poster=\"http:\/\/tmpcsh.izt.uam.mx\/cedem\/media\/jose-sampedro-frases-small-16_9.jpeg\" controls=\"controls\" width=\"860\" height=\"510\"><span data-mce-type=\"bookmark\" style=\"display: inline-block; width: 0px; overflow: hidden; line-height: 0;\" class=\"mce_SELRES_start\"><\/span><span data-mce-type=\"bookmark\" style=\"display: inline-block; width: 0px; overflow: hidden; line-height: 0;\" class=\"mce_SELRES_start\"><\/span><\/video>\t\t\t\t<\/div>\n\t\t\t\t<\/div>\n\t\t\t\t\t<\/div>\n\t\t\t\t<\/div>\n\t\t\t\t<\/div>\n\t\t","protected":false},"excerpt":{"rendered":"<p>Jos\u00e9 Luis Sampedro Jos\u00e9 Luis Sampedro \u00a0 Naci\u00f3 en Barcelona en 1917. En 1940 fue funcionario de aduanas en Melilla. Posteriormente realiza sus estudios en Ciencias Econ\u00f3micas en la Universidad de Madrid, consiguiendo la Licenciatura con Premio Extraordinario en 1947 y es nombrado profesor encargado. Un a\u00f1o despu\u00e9s entra en el Servicio de Estudios del [&hellip;]<\/p>\n","protected":false},"author":2,"featured_media":0,"parent":0,"menu_order":0,"comment_status":"closed","ping_status":"closed","template":"","meta":{"footnotes":""},"class_list":["post-1748","page","type-page","status-publish","hentry"],"blocksy_meta":[],"_links":{"self":[{"href":"https:\/\/www.cedem.org\/index.php\/wp-json\/wp\/v2\/pages\/1748","targetHints":{"allow":["GET"]}}],"collection":[{"href":"https:\/\/www.cedem.org\/index.php\/wp-json\/wp\/v2\/pages"}],"about":[{"href":"https:\/\/www.cedem.org\/index.php\/wp-json\/wp\/v2\/types\/page"}],"author":[{"embeddable":true,"href":"https:\/\/www.cedem.org\/index.php\/wp-json\/wp\/v2\/users\/2"}],"replies":[{"embeddable":true,"href":"https:\/\/www.cedem.org\/index.php\/wp-json\/wp\/v2\/comments?post=1748"}],"version-history":[{"count":4,"href":"https:\/\/www.cedem.org\/index.php\/wp-json\/wp\/v2\/pages\/1748\/revisions"}],"predecessor-version":[{"id":1966,"href":"https:\/\/www.cedem.org\/index.php\/wp-json\/wp\/v2\/pages\/1748\/revisions\/1966"}],"wp:attachment":[{"href":"https:\/\/www.cedem.org\/index.php\/wp-json\/wp\/v2\/media?parent=1748"}],"curies":[{"name":"wp","href":"https:\/\/api.w.org\/{rel}","templated":true}]}}