{"id":1666,"date":"2024-02-06T11:49:44","date_gmt":"2024-02-06T17:49:44","guid":{"rendered":"http:\/\/www.cedem.org\/?page_id=1666"},"modified":"2024-02-08T16:29:42","modified_gmt":"2024-02-08T22:29:42","slug":"sitio-de-interes","status":"publish","type":"page","link":"https:\/\/www.cedem.org\/index.php\/sitio-de-interes\/","title":{"rendered":"Sitio de inter\u00e9s"},"content":{"rendered":"\t\t<div data-elementor-type=\"wp-page\" data-elementor-id=\"1666\" class=\"elementor elementor-1666\">\n\t\t\t\t<div class=\"elementor-element elementor-element-2cf7692 e-flex e-con-boxed e-con e-parent\" data-id=\"2cf7692\" data-element_type=\"container\" data-e-type=\"container\">\n\t\t\t\t\t<div class=\"e-con-inner\">\n\t\t\t\t<div class=\"elementor-element elementor-element-afcfe76 elementor-widget elementor-widget-text-editor\" data-id=\"afcfe76\" data-element_type=\"widget\" data-e-type=\"widget\" data-widget_type=\"text-editor.default\">\n\t\t\t\t<div class=\"elementor-widget-container\">\n\t\t\t\t\t\t\t\t\t<h1>Sitios de inter\u00e9s<\/h1><p>\u00a0<\/p><p align=\"left\"><a href=\"http:\/\/www.worldbank.org\/\" target=\"_blank\" rel=\"noopener noreferrer\">Banco\u00a0Mundial<\/a><br \/><a href=\"http:\/\/www.unctad.org\/\" target=\"_blank\" rel=\"noopener noreferrer\">Conferencia\u00a0de\u00a0las\u00a0Naciones\u00a0Unidas\u00a0sobre\u00a0Comercio\u00a0y\u00a0Desarrollo\u00a0\u2013\u00a0UNCTAD<\/a><br \/><a href=\"http:\/\/www.cepal.org\/\" target=\"_blank\" rel=\"noopener noreferrer\">Comisi\u00f3n\u00a0Econ\u00f3mica\u00a0para\u00a0Am\u00e9rica\u00a0Latina y el\u00a0Caribe\u00a0(\u00a0CEPAL\u00a0)<\/a><\/p><p align=\"left\"><a href=\"http:\/\/www.imf.org\/\" target=\"_blank\" rel=\"noopener noreferrer\">Fondo\u00a0Monetario\u00a0Internacional\u00a0\u2013\u00a0FMI<\/a><br \/><a href=\"http:\/\/www.iom.int\/\" target=\"_blank\" rel=\"noopener noreferrer\">Organizaci\u00f3n Internacional para las Migraciones (OIM)<\/a><br \/><a href=\"http:\/\/www.idn.org\/\" target=\"_blank\" rel=\"noopener noreferrer\">Red Internacional de Desarrollo<\/a><br \/><a href=\"http:\/\/www.oecd.org\/\" target=\"_blank\" rel=\"noopener noreferrer\">Organizaci\u00f3n\u00a0de\u00a0Cooperaci\u00f3n\u00a0para\u00a0el\u00a0Desarrollo\u00a0Econ\u00f3mico\u00a0\u2013\u00a0OCDE<\/a><br \/><a href=\"http:\/\/rtn.net.mx\/ocde\" target=\"_blank\" rel=\"noopener noreferrer\">Centro de la\u00a0OCDE\u00a0en\u00a0M\u00e9xico<\/a><br \/><a href=\"http:\/\/www.ilo.org\/public\/spanish\/index.htm\" target=\"_blank\" rel=\"noopener noreferrer\">Organizaci\u00f3n\u00a0Internacional\u00a0del\u00a0Trabajo\u00a0(\u00a0OIT\u00a0)<\/a><br \/><a href=\"http:\/\/www.wto.org\/\" target=\"_blank\" rel=\"noopener noreferrer\">Organizaci\u00f3n\u00a0Mundial\u00a0de\u00a0Comercio\u00a0\u2013\u00a0OMC<\/a><br \/><a href=\"http:\/\/www.un.org\/\" target=\"_blank\" rel=\"noopener noreferrer\">Organizaci\u00f3n\u00a0de\u00a0Naciones\u00a0Unidas\u00a0\u2013\u00a0ONU<\/a><br \/><a href=\"http:\/\/www.un.org\/search\/map\" target=\"_blank\" rel=\"noopener noreferrer\">Organismos\u00a0del\u00a0Sistema\u00a0de\u00a0Naciones\u00a0Unidas<\/a><br \/><a href=\"http:\/\/www.unesco.org\/\" target=\"_blank\" rel=\"noopener noreferrer\">Organizaci\u00f3n\u00a0de\u00a0Naciones\u00a0Unidas\u00a0para\u00a0la\u00a0Educaci\u00f3n\u00a0, la\u00a0Ciencia\u00a0y la\u00a0Cultura\u00a0\u2013\u00a0<\/a><a href=\"http:\/\/www.weforum.org\/\" target=\"_blank\" rel=\"noopener noreferrer\">Foro Econ\u00f3mico Mundial de la\u00a0<\/a><a href=\"http:\/\/www.unesco.org\/\" target=\"_blank\" rel=\"noopener noreferrer\">UNESCO<\/a><\/p><p align=\"left\"><a href=\"http:\/\/www.clubcultura.com\/clubliteratura\/clubescritores\/sampedro\/index.htm\" target=\"_blank\" rel=\"noopener noreferrer\">Jos\u00e9\u00a0Luis\u00a0Sampedro<\/a><br \/><a href=\"http:\/\/www.izt.uam.mx\/poes\/\" target=\"_blank\" rel=\"noopener noreferrer\">Maestr\u00eda\u00a0y\u00a0Doctorado\u00a0en\u00a0Estudios\u00a0Sociales\u00a0(Universidad\u00a0Aut\u00f3noma\u00a0Metropolitana\u00a0\u2013\u00a0Iztapalapa\u00a0)<\/a><br \/><a href=\"http:\/\/www.olafinanciera.unam.mx\/\" target=\"_blank\" rel=\"noopener noreferrer\">Ola\u00a0Financiera\u00a0(\u00a0IIE-UNAM\u00a0\u2013\u00a0Falcultad\u00a0de\u00a0Econom\u00eda\u00a0)<\/a><br \/><a href=\"http:\/\/www.redcelsofurtado.edu.mx\/\" target=\"_blank\" rel=\"noopener noreferrer\">Red\u00a0Eurolatinoamericana\u00a0de\u00a0Estudios\u00a0sobre\u00a0el\u00a0Desarrollo\u00a0Econ\u00f3mico\u00a0,\u00a0Celso\u00a0Furtado<\/a><br \/><a href=\"http:\/\/www.cedem.org\/intam\">INTAM (Programa\u00a0Universitario\u00a0de\u00a0Investigaci\u00f3n\u00a0Integraci\u00f3n en\u00a0las\u00a0Am\u00e9ricas)<\/a><\/p><h3><strong>ESPA\u00d1A<\/strong><\/h3><p><a href=\"http:\/\/www.ine.es\/\" target=\"_blank\" rel=\"noopener noreferrer\">Instituto\u00a0Nacional\u00a0de\u00a0Estad\u00edstica\u00a0(<\/a><br \/><a href=\"https:\/\/www.agpd.es\/index.php\" target=\"_blank\" rel=\"noopener noreferrer\">Agencia<\/a>\u00a0<a href=\"http:\/\/www.ine.es\/\" target=\"_blank\" rel=\"noopener noreferrer\">Nacional de Estad\u00edstica)<\/a><a href=\"https:\/\/www.agpd.es\/index.php\" target=\"_blank\" rel=\"noopener noreferrer\">\u00a0Agencia<\/a><a href=\"https:\/\/www.agpd.es\/index.php\" target=\"_blank\" rel=\"noopener noreferrer\">de<\/a><a href=\"https:\/\/www.agpd.es\/index.php\" target=\"_blank\" rel=\"noopener noreferrer\">Protecci\u00f3n<\/a><a href=\"https:\/\/www.agpd.es\/index.php\" target=\"_blank\" rel=\"noopener noreferrer\">de<\/a><a href=\"https:\/\/www.agpd.es\/index.php\" target=\"_blank\" rel=\"noopener noreferrer\">Datos<\/a><br \/><a href=\"http:\/\/www.aena.es\/csee\/Satellite?pagename=Home\" target=\"_blank\" rel=\"noopener noreferrer\">Aena<\/a>(Aeropuertos\u00a0espa\u00f1olesynavegaci\u00f3n\u00a0a\u00e9rea)<br \/><a href=\"http:\/\/www.bde.es\/\" target=\"_blank\" rel=\"noopener noreferrer\">BancodeEspa\u00f1a<\/a><br \/><a href=\"http:\/\/www.cnmv.es\/\" target=\"_blank\" rel=\"noopener noreferrer\">Comisi\u00f3n Nacional del Mercado de Valores<\/a><br \/><a href=\"http:\/\/www.ces.es\/\" target=\"_blank\" rel=\"noopener noreferrer\">Consejo Econ\u00f3mico y Social de Espa\u00f1a<\/a><br \/><a href=\"http:\/\/www.cscamaras.es\/\">Consejo Superior de C\u00e1maras de Comercio, Industria y Navegaci\u00f3n de Espa\u00f1a<\/a><br \/><a href=\"http:\/\/www.cruzroja.es\/\">CruzRoja\u00a0Espa\u00f1ola<\/a><br \/><a href=\"http:\/\/www.la-moncloa.es\/\">Defensordel Pueblo<\/a><br \/><a href=\"http:\/\/www.la-moncloa.es\/\">PresidenciadelGobierno<\/a><br \/><a href=\"http:\/\/www.rae.es\/\">Real AcademiaEspa\u00f1olade laLengua<\/a><br \/><a href=\"http:\/\/www.tribunalconstitucional.es\/\">Tribunal Constitucional<\/a><br \/><a href=\"http:\/\/www.tcu.es\/\">Tribunal de Cuentas<\/a><\/p><h3><strong>EUROPA<\/strong><\/h3><p><a href=\"http:\/\/www.eea.eu.int\/\" target=\"_blank\" rel=\"noopener noreferrer\">Agencia Europea del Medio Ambiente<\/a><br \/><a href=\"http:\/\/www.ecb.int\/\" target=\"_blank\" rel=\"noopener noreferrer\">Banco\u00a0Central\u00a0Europeo<\/a><br \/><a href=\"http:\/\/eib.eu.int\/\" target=\"_blank\" rel=\"noopener noreferrer\">Banco\u00a0Europeo\u00a0de\u00a0Inversiones<\/a><br \/><a href=\"http:\/\/www.lachambre.es\/\" target=\"_blank\" rel=\"noopener noreferrer\">C\u00e1mara\u00a0Franco\u00a0Espa\u00f1ola\u00a0de\u00a0Comercio\u00a0e\u00a0Industria<\/a><br \/><a href=\"http:\/\/europa.eu.int\/comm\/\" target=\"_blank\" rel=\"noopener noreferrer\">Comisi\u00f3n\u00a0Europea<\/a><br \/><a href=\"http:\/\/www.esc.eu.int\/\" target=\"_blank\" rel=\"noopener noreferrer\">Comit\u00e9\u00a0Econ\u00f3mico\u00a0y Social<\/a><br \/><a href=\"http:\/\/www.ccre.org\/\" target=\"_blank\" rel=\"noopener noreferrer\">Consejo\u00a0Europeo\u00a0de\u00a0Municipios\u00a0y\u00a0Regiones<\/a><br \/><a href=\"http:\/\/ue.eu.int\/\" target=\"_blank\" rel=\"noopener noreferrer\">Consejo\u00a0de la\u00a0Uni\u00f3n\u00a0Europea<\/a><br \/><a href=\"http:\/\/www.euro-ombudsman.eu.int\/\" target=\"_blank\" rel=\"noopener noreferrer\">Defensor\u00a0del Pueblo\u00a0Europeo<\/a><br \/><a href=\"http:\/\/www.europa.eu.int\/\" target=\"_blank\" rel=\"noopener noreferrer\">Europa<\/a><br \/><a href=\"http:\/\/www.etf.eu.int\/\" target=\"_blank\" rel=\"noopener noreferrer\">Fundaci\u00f3n\u00a0Europea\u00a0para\u00a0la\u00a0formaci\u00f3n<\/a><br \/><a href=\"http:\/\/europa.eu\/en\/comm\/eurostat\/\" target=\"_blank\" rel=\"noopener noreferrer\">Oficina\u00a0Estad\u00edsticade la\u00a0Uni\u00f3n\u00a0Europea\u00a0<\/a><a href=\"http:\/\/www.europarl.eu.int\/%C2%A0\" target=\"_blank\" rel=\"noopener noreferrer\">Parlamento\u00a0<\/a><a href=\"http:\/\/www.europarl.eu.int\/%C2%A0\" target=\"_blank\" rel=\"noopener noreferrer\">Europeo<\/a><a href=\"http:\/\/www.eca.eu.int\/index_es.htm\" target=\"_blank\" rel=\"noopener noreferrer\">\u00a0Tribunal de\u00a0<\/a><a href=\"http:\/\/www.eca.eu.int\/index_es.htm\" target=\"_blank\" rel=\"noopener noreferrer\">Cuentas\u00a0<\/a><a href=\"http:\/\/www.eca.eu.int\/index_es.htm\" target=\"_blank\" rel=\"noopener noreferrer\">Europeo<\/a><a href=\"http:\/\/europa.eu.int\/institutions\/court\/index_es.htm\" target=\"_blank\" rel=\"noopener noreferrer\">\u00a0Tribunal de\u00a0<\/a><a href=\"http:\/\/europa.eu.int\/institutions\/court\/index_es.htm\" target=\"_blank\" rel=\"noopener noreferrer\">Justicia<\/a><a href=\"http:\/\/www.coe.int\/T\/ES\/Com\/About_Coe\/default.asp?L=ES\" target=\"_blank\" rel=\"noopener noreferrer\">\u00a0Consejo<\/a><a href=\"http:\/\/www.coe.int\/T\/ES\/Com\/About_Coe\/default.asp?L=ES\" target=\"_blank\" rel=\"noopener noreferrer\">\u00a0de\u00a0<\/a><a href=\"http:\/\/www.coe.int\/T\/ES\/Com\/About_Coe\/default.asp?L=ES\" target=\"_blank\" rel=\"noopener noreferrer\">Europa\u00a0<\/a><a href=\"http:\/\/www.eurosai.org\/\" target=\"_blank\" rel=\"noopener noreferrer\">Organizaci\u00f3n<\/a><a href=\"http:\/\/www.eurosai.org\/\" target=\"_blank\" rel=\"noopener noreferrer\">\u00a0de\u00a0<\/a><a href=\"http:\/\/www.eurosai.org\/\" target=\"_blank\" rel=\"noopener noreferrer\">las\u00a0<\/a><a href=\"http:\/\/www.eurosai.org\/\" target=\"_blank\" rel=\"noopener noreferrer\">Entidades\u00a0<\/a><a href=\"http:\/\/www.eurosai.org\/\" target=\"_blank\" rel=\"noopener noreferrer\">Fiscalizadoras\u00a0<\/a><a href=\"http:\/\/www.eurosai.org\/\" target=\"_blank\" rel=\"noopener noreferrer\">Superiores<\/a><a href=\"http:\/\/www.eurosai.org\/\" target=\"_blank\" rel=\"noopener noreferrer\">\u00a0de\u00a0<\/a><a href=\"http:\/\/www.eurosai.org\/\" target=\"_blank\" rel=\"noopener noreferrer\">Europa<\/a><a href=\"http:\/\/www.eurosai.org\/\" target=\"_blank\" rel=\"noopener noreferrer\">\u00a0(\u00a0<\/a><a href=\"http:\/\/www.eurosai.org\/\" target=\"_blank\" rel=\"noopener noreferrer\"><span class=\"SpellE\">EUROSAI<\/span><\/a><a href=\"http:\/\/www.eurosai.org\/\" target=\"_blank\" rel=\"noopener noreferrer\">\u00a0)\u00a0<\/a><a href=\"http:\/\/www.osce.org\/\" target=\"_blank\" rel=\"noopener noreferrer\">Organizaci\u00f3n para la Seguridad y Cooperaci\u00f3n en Europa\u00a0<\/a><a href=\"http:\/\/www.congreso.es\/internacional\/asambleas\/inf_gral_255.htm\" target=\"_blank\" rel=\"noopener noreferrer\">Uni\u00f3n Europea Occidental<\/a><\/p>\t\t\t\t\t\t\t\t<\/div>\n\t\t\t\t<\/div>\n\t\t\t\t\t<\/div>\n\t\t\t\t<\/div>\n\t\t\t\t<\/div>\n\t\t","protected":false},"excerpt":{"rendered":"<p>Sitios de inter\u00e9s \u00a0 Banco\u00a0MundialConferencia\u00a0de\u00a0las\u00a0Naciones\u00a0Unidas\u00a0sobre\u00a0Comercio\u00a0y\u00a0Desarrollo\u00a0\u2013\u00a0UNCTADComisi\u00f3n\u00a0Econ\u00f3mica\u00a0para\u00a0Am\u00e9rica\u00a0Latina y el\u00a0Caribe\u00a0(\u00a0CEPAL\u00a0) Fondo\u00a0Monetario\u00a0Internacional\u00a0\u2013\u00a0FMIOrganizaci\u00f3n Internacional para las Migraciones (OIM)Red Internacional de DesarrolloOrganizaci\u00f3n\u00a0de\u00a0Cooperaci\u00f3n\u00a0para\u00a0el\u00a0Desarrollo\u00a0Econ\u00f3mico\u00a0\u2013\u00a0OCDECentro de la\u00a0OCDE\u00a0en\u00a0M\u00e9xicoOrganizaci\u00f3n\u00a0Internacional\u00a0del\u00a0Trabajo\u00a0(\u00a0OIT\u00a0)Organizaci\u00f3n\u00a0Mundial\u00a0de\u00a0Comercio\u00a0\u2013\u00a0OMCOrganizaci\u00f3n\u00a0de\u00a0Naciones\u00a0Unidas\u00a0\u2013\u00a0ONUOrganismos\u00a0del\u00a0Sistema\u00a0de\u00a0Naciones\u00a0UnidasOrganizaci\u00f3n\u00a0de\u00a0Naciones\u00a0Unidas\u00a0para\u00a0la\u00a0Educaci\u00f3n\u00a0, la\u00a0Ciencia\u00a0y la\u00a0Cultura\u00a0\u2013\u00a0Foro Econ\u00f3mico Mundial de la\u00a0UNESCO Jos\u00e9\u00a0Luis\u00a0SampedroMaestr\u00eda\u00a0y\u00a0Doctorado\u00a0en\u00a0Estudios\u00a0Sociales\u00a0(Universidad\u00a0Aut\u00f3noma\u00a0Metropolitana\u00a0\u2013\u00a0Iztapalapa\u00a0)Ola\u00a0Financiera\u00a0(\u00a0IIE-UNAM\u00a0\u2013\u00a0Falcultad\u00a0de\u00a0Econom\u00eda\u00a0)Red\u00a0Eurolatinoamericana\u00a0de\u00a0Estudios\u00a0sobre\u00a0el\u00a0Desarrollo\u00a0Econ\u00f3mico\u00a0,\u00a0Celso\u00a0FurtadoINTAM (Programa\u00a0Universitario\u00a0de\u00a0Investigaci\u00f3n\u00a0Integraci\u00f3n en\u00a0las\u00a0Am\u00e9ricas) ESPA\u00d1A Instituto\u00a0Nacional\u00a0de\u00a0Estad\u00edstica\u00a0(Agencia\u00a0Nacional de Estad\u00edstica)\u00a0AgenciadeProtecci\u00f3ndeDatosAena(Aeropuertos\u00a0espa\u00f1olesynavegaci\u00f3n\u00a0a\u00e9rea)BancodeEspa\u00f1aComisi\u00f3n Nacional del Mercado de ValoresConsejo Econ\u00f3mico y Social de Espa\u00f1aConsejo Superior de C\u00e1maras de Comercio, Industria y Navegaci\u00f3n de Espa\u00f1aCruzRoja\u00a0Espa\u00f1olaDefensordel PuebloPresidenciadelGobiernoReal AcademiaEspa\u00f1olade laLenguaTribunal ConstitucionalTribunal [&hellip;]<\/p>\n","protected":false},"author":2,"featured_media":0,"parent":0,"menu_order":0,"comment_status":"closed","ping_status":"closed","template":"","meta":{"footnotes":""},"class_list":["post-1666","page","type-page","status-publish","hentry"],"blocksy_meta":[],"_links":{"self":[{"href":"https:\/\/www.cedem.org\/index.php\/wp-json\/wp\/v2\/pages\/1666","targetHints":{"allow":["GET"]}}],"collection":[{"href":"https:\/\/www.cedem.org\/index.php\/wp-json\/wp\/v2\/pages"}],"about":[{"href":"https:\/\/www.cedem.org\/index.php\/wp-json\/wp\/v2\/types\/page"}],"author":[{"embeddable":true,"href":"https:\/\/www.cedem.org\/index.php\/wp-json\/wp\/v2\/users\/2"}],"replies":[{"embeddable":true,"href":"https:\/\/www.cedem.org\/index.php\/wp-json\/wp\/v2\/comments?post=1666"}],"version-history":[{"count":5,"href":"https:\/\/www.cedem.org\/index.php\/wp-json\/wp\/v2\/pages\/1666\/revisions"}],"predecessor-version":[{"id":2343,"href":"https:\/\/www.cedem.org\/index.php\/wp-json\/wp\/v2\/pages\/1666\/revisions\/2343"}],"wp:attachment":[{"href":"https:\/\/www.cedem.org\/index.php\/wp-json\/wp\/v2\/media?parent=1666"}],"curies":[{"name":"wp","href":"https:\/\/api.w.org\/{rel}","templated":true}]}}