{"id":1664,"date":"2024-02-06T11:49:44","date_gmt":"2024-02-06T17:49:44","guid":{"rendered":"http:\/\/www.cedem.org\/?page_id=1664"},"modified":"2024-02-27T13:26:28","modified_gmt":"2024-02-27T19:26:28","slug":"multimedia","status":"publish","type":"page","link":"https:\/\/www.cedem.org\/index.php\/multimedia\/","title":{"rendered":"Multimedia"},"content":{"rendered":"\t\t<div data-elementor-type=\"wp-page\" data-elementor-id=\"1664\" class=\"elementor elementor-1664\">\n\t\t\t\t<div class=\"elementor-element elementor-element-e130888 e-flex e-con-boxed e-con e-parent\" data-id=\"e130888\" data-element_type=\"container\" data-e-type=\"container\">\n\t\t\t\t\t<div class=\"e-con-inner\">\n\t\t\t\t<div class=\"elementor-element elementor-element-0b9d2ed elementor-widget elementor-widget-heading\" data-id=\"0b9d2ed\" data-element_type=\"widget\" data-e-type=\"widget\" data-widget_type=\"heading.default\">\n\t\t\t\t<div class=\"elementor-widget-container\">\n\t\t\t\t\t<h2 class=\"elementor-heading-title elementor-size-default\">Presentaci\u00f3n del Libro - Econom\u00eda como Ideolog\u00eda disfrazada de Ciencia<\/h2>\t\t\t\t<\/div>\n\t\t\t\t<\/div>\n\t\t\t\t\t<\/div>\n\t\t\t\t<\/div>\n\t\t<div class=\"elementor-element elementor-element-87c276c e-flex e-con-boxed e-con e-parent\" data-id=\"87c276c\" data-element_type=\"container\" data-e-type=\"container\">\n\t\t\t\t\t<div class=\"e-con-inner\">\n\t\t\t\t<div class=\"elementor-element elementor-element-21f2246 elementor-widget__width-initial elementor-widget elementor-widget-html\" data-id=\"21f2246\" data-element_type=\"widget\" data-e-type=\"widget\" data-widget_type=\"html.default\">\n\t\t\t\t<div class=\"elementor-widget-container\">\n\t\t\t\t\t<td style=\"width: 435px; text-align: center;\"><iframe title=\"YouTube video player\" src=\"https:\/\/www.youtube.com\/embed\/o1ZBCvZSmg0?start=2491\" width=\"560\" height=\"315\" frameborder=\"0\" allowfullscreen=\"allowfullscreen\"><\/iframe><\/td>\t\t\t\t<\/div>\n\t\t\t\t<\/div>\n\t\t\t\t\t<\/div>\n\t\t\t\t<\/div>\n\t\t<div class=\"elementor-element elementor-element-df62c88 e-flex e-con-boxed e-con e-parent\" data-id=\"df62c88\" data-element_type=\"container\" data-e-type=\"container\">\n\t\t\t\t\t<div class=\"e-con-inner\">\n\t\t\t\t<div class=\"elementor-element elementor-element-714d525 elementor-widget-divider--view-line elementor-widget elementor-widget-divider\" data-id=\"714d525\" data-element_type=\"widget\" data-e-type=\"widget\" data-widget_type=\"divider.default\">\n\t\t\t\t<div class=\"elementor-widget-container\">\n\t\t\t\t\t\t\t<div class=\"elementor-divider\">\n\t\t\t<span class=\"elementor-divider-separator\">\n\t\t\t\t\t\t<\/span>\n\t\t<\/div>\n\t\t\t\t\t\t<\/div>\n\t\t\t\t<\/div>\n\t\t\t\t\t<\/div>\n\t\t\t\t<\/div>\n\t\t<div class=\"elementor-element elementor-element-9f21025 e-flex e-con-boxed e-con e-parent\" data-id=\"9f21025\" data-element_type=\"container\" data-e-type=\"container\">\n\t\t\t\t\t<div class=\"e-con-inner\">\n\t\t<div class=\"elementor-element elementor-element-b14dad3 e-con-full e-flex e-con e-child\" data-id=\"b14dad3\" data-element_type=\"container\" data-e-type=\"container\">\n\t\t\t\t<div class=\"elementor-element elementor-element-a2aaa3e elementor-widget__width-initial elementor-widget elementor-widget-image\" data-id=\"a2aaa3e\" data-element_type=\"widget\" data-e-type=\"widget\" data-widget_type=\"image.default\">\n\t\t\t\t<div class=\"elementor-widget-container\">\n\t\t\t\t\t\t\t\t\t\t\t\t\t\t\t<img fetchpriority=\"high\" decoding=\"async\" width=\"663\" height=\"1024\" src=\"https:\/\/www.cedem.org\/wp-content\/uploads\/2024\/02\/333864653_193497033298648_3315507319245010503_n-663x1024.jpeg\" class=\"attachment-large size-large wp-image-1844\" alt=\"\" srcset=\"https:\/\/www.cedem.org\/wp-content\/uploads\/2024\/02\/333864653_193497033298648_3315507319245010503_n-663x1024.jpeg 663w, https:\/\/www.cedem.org\/wp-content\/uploads\/2024\/02\/333864653_193497033298648_3315507319245010503_n-194x300.jpeg 194w, https:\/\/www.cedem.org\/wp-content\/uploads\/2024\/02\/333864653_193497033298648_3315507319245010503_n-768x1187.jpeg 768w, https:\/\/www.cedem.org\/wp-content\/uploads\/2024\/02\/333864653_193497033298648_3315507319245010503_n-994x1536.jpeg 994w, https:\/\/www.cedem.org\/wp-content\/uploads\/2024\/02\/333864653_193497033298648_3315507319245010503_n-e1709059184245.jpeg 720w\" sizes=\"(max-width: 663px) 100vw, 663px\" \/>\t\t\t\t\t\t\t\t\t\t\t\t\t\t\t<\/div>\n\t\t\t\t<\/div>\n\t\t\t\t<\/div>\n\t\t<div class=\"elementor-element elementor-element-2d67140 e-con-full e-flex e-con e-child\" data-id=\"2d67140\" data-element_type=\"container\" data-e-type=\"container\">\n\t\t\t\t<div class=\"elementor-element elementor-element-7e8d852 elementor-widget elementor-widget-video\" data-id=\"7e8d852\" data-element_type=\"widget\" data-e-type=\"widget\" data-settings=\"{&quot;video_type&quot;:&quot;hosted&quot;,&quot;controls&quot;:&quot;yes&quot;}\" data-widget_type=\"video.default\">\n\t\t\t\t<div class=\"elementor-widget-container\">\n\t\t\t\t\t\t\t<div class=\"e-hosted-video elementor-wrapper elementor-open-inline\">\n\t\t\t\t\t<video class=\"elementor-video\" src=\"http:\/\/tmpcsh.izt.uam.mx\/cedem\/wp-content\/uploads\/2024\/01\/01marzo2023.mp4\" controls=\"\" preload=\"metadata\" controlsList=\"nodownload\" poster=\"http:\/\/tmpcsh.izt.uam.mx\/cedem\/wp-content\/uploads\/2024\/02\/333864653_193497033298648_3315507319245010503_n-e1709059184245.jpeg\"><\/video>\n\t\t\t\t<\/div>\n\t\t\t\t\t\t<\/div>\n\t\t\t\t<\/div>\n\t\t\t\t<\/div>\n\t\t\t\t\t<\/div>\n\t\t\t\t<\/div>\n\t\t<div class=\"elementor-element elementor-element-b786dc8 e-flex e-con-boxed e-con e-parent\" data-id=\"b786dc8\" data-element_type=\"container\" data-e-type=\"container\">\n\t\t\t\t\t<div class=\"e-con-inner\">\n\t\t\t\t<div class=\"elementor-element elementor-element-dcb2780 elementor-widget-divider--view-line elementor-widget elementor-widget-divider\" data-id=\"dcb2780\" data-element_type=\"widget\" data-e-type=\"widget\" data-widget_type=\"divider.default\">\n\t\t\t\t<div class=\"elementor-widget-container\">\n\t\t\t\t\t\t\t<div class=\"elementor-divider\">\n\t\t\t<span class=\"elementor-divider-separator\">\n\t\t\t\t\t\t<\/span>\n\t\t<\/div>\n\t\t\t\t\t\t<\/div>\n\t\t\t\t<\/div>\n\t\t\t\t\t<\/div>\n\t\t\t\t<\/div>\n\t\t<div class=\"elementor-element elementor-element-baf9cb4 e-flex e-con-boxed e-con e-parent\" data-id=\"baf9cb4\" data-element_type=\"container\" data-e-type=\"container\">\n\t\t\t\t\t<div class=\"e-con-inner\">\n\t\t\t\t<div class=\"elementor-element elementor-element-c658f7f elementor-widget elementor-widget-text-editor\" data-id=\"c658f7f\" data-element_type=\"widget\" data-e-type=\"widget\" data-widget_type=\"text-editor.default\">\n\t\t\t\t<div class=\"elementor-widget-container\">\n\t\t\t\t\t\t\t\t\t<h3 style=\"text-align: center;\"><span style=\"color: #008000;\">Marte 21 de febrero de 2023<\/span><\/h3><p style=\"text-align: center;\"><span style=\"color: #ff0000;\"><strong>Mesa redonda<\/strong><\/span><\/p><p style=\"text-align: center;\"><span style=\"color: #000000;\"><strong>Los gobiernos de izquierda en Am\u00e9rica Latina<\/strong><\/span><\/p>\t\t\t\t\t\t\t\t<\/div>\n\t\t\t\t<\/div>\n\t\t\t\t\t<\/div>\n\t\t\t\t<\/div>\n\t\t<div class=\"elementor-element elementor-element-b3d5d97 e-flex e-con-boxed e-con e-parent\" data-id=\"b3d5d97\" data-element_type=\"container\" data-e-type=\"container\">\n\t\t\t\t\t<div class=\"e-con-inner\">\n\t\t\t\t<div class=\"elementor-element elementor-element-12dc054 elementor-widget elementor-widget-video\" data-id=\"12dc054\" data-element_type=\"widget\" data-e-type=\"widget\" data-settings=\"{&quot;video_type&quot;:&quot;hosted&quot;,&quot;controls&quot;:&quot;yes&quot;}\" data-widget_type=\"video.default\">\n\t\t\t\t<div class=\"elementor-widget-container\">\n\t\t\t\t\t\t\t<div class=\"e-hosted-video elementor-wrapper elementor-open-inline\">\n\t\t\t\t\t<video class=\"elementor-video\" src=\"http:\/\/tmpcsh.izt.uam.mx\/cedem\/wp-content\/uploads\/2024\/01\/video21febrero2023.mp4\" controls=\"\" preload=\"metadata\" controlsList=\"nodownload\" poster=\"http:\/\/tmpcsh.izt.uam.mx\/cedem\/wp-content\/uploads\/2024\/01\/21febrero2023.jpg\"><\/video>\n\t\t\t\t<\/div>\n\t\t\t\t\t\t<\/div>\n\t\t\t\t<\/div>\n\t\t\t\t\t<\/div>\n\t\t\t\t<\/div>\n\t\t<div class=\"elementor-element elementor-element-d510cec e-flex e-con-boxed e-con e-parent\" data-id=\"d510cec\" data-element_type=\"container\" data-e-type=\"container\">\n\t\t\t\t\t<div class=\"e-con-inner\">\n\t\t\t\t<div class=\"elementor-element elementor-element-4df6ad6 elementor-widget-divider--view-line elementor-widget elementor-widget-divider\" data-id=\"4df6ad6\" data-element_type=\"widget\" data-e-type=\"widget\" data-widget_type=\"divider.default\">\n\t\t\t\t<div class=\"elementor-widget-container\">\n\t\t\t\t\t\t\t<div class=\"elementor-divider\">\n\t\t\t<span class=\"elementor-divider-separator\">\n\t\t\t\t\t\t<\/span>\n\t\t<\/div>\n\t\t\t\t\t\t<\/div>\n\t\t\t\t<\/div>\n\t\t\t\t\t<\/div>\n\t\t\t\t<\/div>\n\t\t<div class=\"elementor-element elementor-element-4170e7f e-flex e-con-boxed e-con e-parent\" data-id=\"4170e7f\" data-element_type=\"container\" data-e-type=\"container\">\n\t\t\t\t\t<div class=\"e-con-inner\">\n\t\t\t\t<div class=\"elementor-element elementor-element-f516550 elementor-widget elementor-widget-video\" data-id=\"f516550\" data-element_type=\"widget\" data-e-type=\"widget\" data-settings=\"{&quot;video_type&quot;:&quot;hosted&quot;,&quot;controls&quot;:&quot;yes&quot;}\" data-widget_type=\"video.default\">\n\t\t\t\t<div class=\"elementor-widget-container\">\n\t\t\t\t\t\t\t<div class=\"e-hosted-video elementor-wrapper elementor-open-inline\">\n\t\t\t\t\t<video class=\"elementor-video\" src=\"http:\/\/tmpcsh.izt.uam.mx\/cedem\/wp-content\/uploads\/2024\/01\/30septiembre2021.mp4\" controls=\"\" preload=\"metadata\" controlsList=\"nodownload\" poster=\"http:\/\/tmpcsh.izt.uam.mx\/cedem\/wp-content\/uploads\/2024\/02\/30septiembre2021.png\"><\/video>\n\t\t\t\t<\/div>\n\t\t\t\t\t\t<\/div>\n\t\t\t\t<\/div>\n\t\t\t\t\t<\/div>\n\t\t\t\t<\/div>\n\t\t<div class=\"elementor-element elementor-element-38c4d32 e-flex e-con-boxed e-con e-parent\" data-id=\"38c4d32\" data-element_type=\"container\" data-e-type=\"container\">\n\t\t\t\t\t<div class=\"e-con-inner\">\n\t\t\t\t<div class=\"elementor-element elementor-element-b4ec605 elementor-widget-divider--view-line elementor-widget elementor-widget-divider\" data-id=\"b4ec605\" data-element_type=\"widget\" data-e-type=\"widget\" data-widget_type=\"divider.default\">\n\t\t\t\t<div class=\"elementor-widget-container\">\n\t\t\t\t\t\t\t<div class=\"elementor-divider\">\n\t\t\t<span class=\"elementor-divider-separator\">\n\t\t\t\t\t\t<\/span>\n\t\t<\/div>\n\t\t\t\t\t\t<\/div>\n\t\t\t\t<\/div>\n\t\t\t\t\t<\/div>\n\t\t\t\t<\/div>\n\t\t<div class=\"elementor-element elementor-element-45cdb2a e-flex e-con-boxed e-con e-parent\" data-id=\"45cdb2a\" data-element_type=\"container\" data-e-type=\"container\">\n\t\t\t\t\t<div class=\"e-con-inner\">\n\t\t\t\t<div class=\"elementor-element elementor-element-85282f3 elementor-widget elementor-widget-video\" data-id=\"85282f3\" data-element_type=\"widget\" data-e-type=\"widget\" data-settings=\"{&quot;video_type&quot;:&quot;hosted&quot;,&quot;controls&quot;:&quot;yes&quot;}\" data-widget_type=\"video.default\">\n\t\t\t\t<div class=\"elementor-widget-container\">\n\t\t\t\t\t\t\t<div class=\"e-hosted-video elementor-wrapper elementor-open-inline\">\n\t\t\t\t\t<video class=\"elementor-video\" src=\"http:\/\/tmpcsh.izt.uam.mx\/cedem\/wp-content\/uploads\/2024\/01\/23septiembre2021.mp4\" controls=\"\" preload=\"metadata\" controlsList=\"nodownload\" poster=\"http:\/\/tmpcsh.izt.uam.mx\/cedem\/wp-content\/uploads\/2024\/01\/23sep2021.jpg\"><\/video>\n\t\t\t\t<\/div>\n\t\t\t\t\t\t<\/div>\n\t\t\t\t<\/div>\n\t\t\t\t\t<\/div>\n\t\t\t\t<\/div>\n\t\t<div class=\"elementor-element elementor-element-c3894b4 e-flex e-con-boxed e-con e-parent\" data-id=\"c3894b4\" data-element_type=\"container\" data-e-type=\"container\">\n\t\t\t\t\t<div class=\"e-con-inner\">\n\t\t\t\t<div class=\"elementor-element elementor-element-4cb6432 elementor-widget-divider--view-line elementor-widget elementor-widget-divider\" data-id=\"4cb6432\" data-element_type=\"widget\" data-e-type=\"widget\" data-widget_type=\"divider.default\">\n\t\t\t\t<div class=\"elementor-widget-container\">\n\t\t\t\t\t\t\t<div class=\"elementor-divider\">\n\t\t\t<span class=\"elementor-divider-separator\">\n\t\t\t\t\t\t<\/span>\n\t\t<\/div>\n\t\t\t\t\t\t<\/div>\n\t\t\t\t<\/div>\n\t\t\t\t\t<\/div>\n\t\t\t\t<\/div>\n\t\t<div class=\"elementor-element elementor-element-f03f32c e-flex e-con-boxed e-con e-parent\" data-id=\"f03f32c\" data-element_type=\"container\" data-e-type=\"container\">\n\t\t\t\t\t<div class=\"e-con-inner\">\n\t\t\t\t<div class=\"elementor-element elementor-element-02b38fe elementor-widget elementor-widget-video\" data-id=\"02b38fe\" data-element_type=\"widget\" data-e-type=\"widget\" data-settings=\"{&quot;video_type&quot;:&quot;hosted&quot;,&quot;controls&quot;:&quot;yes&quot;}\" data-widget_type=\"video.default\">\n\t\t\t\t<div class=\"elementor-widget-container\">\n\t\t\t\t\t\t\t<div class=\"e-hosted-video elementor-wrapper elementor-open-inline\">\n\t\t\t\t\t<video class=\"elementor-video\" src=\"http:\/\/tmpcsh.izt.uam.mx\/cedem\/wp-content\/uploads\/2024\/01\/26agosto2021.mp4\" controls=\"\" preload=\"metadata\" controlsList=\"nodownload\" poster=\"http:\/\/tmpcsh.izt.uam.mx\/cedem\/wp-content\/uploads\/2024\/01\/26deagosto2021.jpg\"><\/video>\n\t\t\t\t<\/div>\n\t\t\t\t\t\t<\/div>\n\t\t\t\t<\/div>\n\t\t\t\t\t<\/div>\n\t\t\t\t<\/div>\n\t\t<div class=\"elementor-element elementor-element-9f5cd39 e-flex e-con-boxed e-con e-parent\" data-id=\"9f5cd39\" data-element_type=\"container\" data-e-type=\"container\">\n\t\t\t\t\t<div class=\"e-con-inner\">\n\t\t\t\t<div class=\"elementor-element elementor-element-f2cd29f elementor-widget-divider--view-line elementor-widget elementor-widget-divider\" data-id=\"f2cd29f\" data-element_type=\"widget\" data-e-type=\"widget\" data-widget_type=\"divider.default\">\n\t\t\t\t<div class=\"elementor-widget-container\">\n\t\t\t\t\t\t\t<div class=\"elementor-divider\">\n\t\t\t<span class=\"elementor-divider-separator\">\n\t\t\t\t\t\t<\/span>\n\t\t<\/div>\n\t\t\t\t\t\t<\/div>\n\t\t\t\t<\/div>\n\t\t\t\t\t<\/div>\n\t\t\t\t<\/div>\n\t\t<div class=\"elementor-element elementor-element-7cc40d2 e-flex e-con-boxed e-con e-parent\" data-id=\"7cc40d2\" data-element_type=\"container\" data-e-type=\"container\">\n\t\t\t\t\t<div class=\"e-con-inner\">\n\t\t\t\t<div class=\"elementor-element elementor-element-aa3e062 elementor-widget elementor-widget-video\" data-id=\"aa3e062\" data-element_type=\"widget\" data-e-type=\"widget\" data-settings=\"{&quot;video_type&quot;:&quot;hosted&quot;,&quot;controls&quot;:&quot;yes&quot;}\" data-widget_type=\"video.default\">\n\t\t\t\t<div class=\"elementor-widget-container\">\n\t\t\t\t\t\t\t<div class=\"e-hosted-video elementor-wrapper elementor-open-inline\">\n\t\t\t\t\t<video class=\"elementor-video\" src=\"http:\/\/tmpcsh.izt.uam.mx\/cedem\/wp-content\/uploads\/2024\/01\/25mayo2021.mp4\" controls=\"\" preload=\"metadata\" controlsList=\"nodownload\" poster=\"http:\/\/tmpcsh.izt.uam.mx\/cedem\/wp-content\/uploads\/2024\/01\/25mayo2021f.png\"><\/video>\n\t\t\t\t<\/div>\n\t\t\t\t\t\t<\/div>\n\t\t\t\t<\/div>\n\t\t\t\t\t<\/div>\n\t\t\t\t<\/div>\n\t\t<div class=\"elementor-element elementor-element-fef01b3 e-flex e-con-boxed e-con e-parent\" data-id=\"fef01b3\" data-element_type=\"container\" data-e-type=\"container\">\n\t\t\t\t\t<div class=\"e-con-inner\">\n\t\t\t\t<div class=\"elementor-element elementor-element-1caa502 elementor-widget-divider--view-line elementor-widget elementor-widget-divider\" data-id=\"1caa502\" data-element_type=\"widget\" data-e-type=\"widget\" data-widget_type=\"divider.default\">\n\t\t\t\t<div class=\"elementor-widget-container\">\n\t\t\t\t\t\t\t<div class=\"elementor-divider\">\n\t\t\t<span class=\"elementor-divider-separator\">\n\t\t\t\t\t\t<\/span>\n\t\t<\/div>\n\t\t\t\t\t\t<\/div>\n\t\t\t\t<\/div>\n\t\t\t\t\t<\/div>\n\t\t\t\t<\/div>\n\t\t<div class=\"elementor-element elementor-element-5e9d5ee e-flex e-con-boxed e-con e-parent\" data-id=\"5e9d5ee\" data-element_type=\"container\" data-e-type=\"container\">\n\t\t\t\t\t<div class=\"e-con-inner\">\n\t\t\t\t<div class=\"elementor-element elementor-element-32848bb elementor-widget elementor-widget-video\" data-id=\"32848bb\" data-element_type=\"widget\" data-e-type=\"widget\" data-settings=\"{&quot;video_type&quot;:&quot;hosted&quot;,&quot;controls&quot;:&quot;yes&quot;}\" data-widget_type=\"video.default\">\n\t\t\t\t<div class=\"elementor-widget-container\">\n\t\t\t\t\t\t\t<div class=\"e-hosted-video elementor-wrapper elementor-open-inline\">\n\t\t\t\t\t<video class=\"elementor-video\" src=\"http:\/\/tmpcsh.izt.uam.mx\/cedem\/wp-content\/uploads\/2024\/01\/videoabril2021.mp4\" controls=\"\" preload=\"metadata\" controlsList=\"nodownload\" poster=\"http:\/\/tmpcsh.izt.uam.mx\/cedem\/wp-content\/uploads\/2024\/02\/29deabrilo2021d.png\"><\/video>\n\t\t\t\t<\/div>\n\t\t\t\t\t\t<\/div>\n\t\t\t\t<\/div>\n\t\t\t\t\t<\/div>\n\t\t\t\t<\/div>\n\t\t<div class=\"elementor-element elementor-element-dbef3ee e-flex e-con-boxed e-con e-parent\" data-id=\"dbef3ee\" data-element_type=\"container\" data-e-type=\"container\">\n\t\t\t\t\t<div class=\"e-con-inner\">\n\t\t\t\t<div class=\"elementor-element elementor-element-7e12d96 elementor-widget-divider--view-line elementor-widget elementor-widget-divider\" data-id=\"7e12d96\" data-element_type=\"widget\" data-e-type=\"widget\" data-widget_type=\"divider.default\">\n\t\t\t\t<div class=\"elementor-widget-container\">\n\t\t\t\t\t\t\t<div class=\"elementor-divider\">\n\t\t\t<span class=\"elementor-divider-separator\">\n\t\t\t\t\t\t<\/span>\n\t\t<\/div>\n\t\t\t\t\t\t<\/div>\n\t\t\t\t<\/div>\n\t\t\t\t\t<\/div>\n\t\t\t\t<\/div>\n\t\t<div class=\"elementor-element elementor-element-fce4883 e-flex e-con-boxed e-con e-parent\" data-id=\"fce4883\" data-element_type=\"container\" data-e-type=\"container\">\n\t\t\t\t\t<div class=\"e-con-inner\">\n\t\t\t\t<div class=\"elementor-element elementor-element-0b49b8d elementor-widget elementor-widget-video\" data-id=\"0b49b8d\" data-element_type=\"widget\" data-e-type=\"widget\" data-settings=\"{&quot;video_type&quot;:&quot;hosted&quot;,&quot;controls&quot;:&quot;yes&quot;}\" data-widget_type=\"video.default\">\n\t\t\t\t<div class=\"elementor-widget-container\">\n\t\t\t\t\t\t\t<div class=\"e-hosted-video elementor-wrapper elementor-open-inline\">\n\t\t\t\t\t<video class=\"elementor-video\" src=\"http:\/\/tmpcsh.izt.uam.mx\/cedem\/wp-content\/uploads\/2024\/01\/video15abril2021.mp4\" controls=\"\" preload=\"metadata\" controlsList=\"nodownload\" poster=\"http:\/\/tmpcsh.izt.uam.mx\/cedem\/wp-content\/uploads\/2024\/01\/15abril2021f.png\"><\/video>\n\t\t\t\t<\/div>\n\t\t\t\t\t\t<\/div>\n\t\t\t\t<\/div>\n\t\t\t\t\t<\/div>\n\t\t\t\t<\/div>\n\t\t\t\t<\/div>\n\t\t","protected":false},"excerpt":{"rendered":"<p>Presentaci\u00f3n del Libro &#8211; Econom\u00eda como Ideolog\u00eda disfrazada de Ciencia http:\/\/www.cedem.org\/wp-content\/uploads\/2024\/01\/01marzo2023.mp4 Marte 21 de febrero de 2023 Mesa redonda Los gobiernos de izquierda en Am\u00e9rica Latina http:\/\/www.cedem.org\/wp-content\/uploads\/2024\/01\/video21febrero2023.mp4 http:\/\/www.cedem.org\/wp-content\/uploads\/2024\/01\/30septiembre2021.mp4 http:\/\/www.cedem.org\/wp-content\/uploads\/2024\/01\/23septiembre2021.mp4 http:\/\/www.cedem.org\/wp-content\/uploads\/2024\/01\/26agosto2021.mp4 http:\/\/www.cedem.org\/wp-content\/uploads\/2024\/01\/25mayo2021.mp4 http:\/\/www.cedem.org\/wp-content\/uploads\/2024\/01\/videoabril2021.mp4 http:\/\/www.cedem.org\/wp-content\/uploads\/2024\/01\/video15abril2021.mp4<\/p>\n","protected":false},"author":2,"featured_media":0,"parent":0,"menu_order":0,"comment_status":"closed","ping_status":"closed","template":"","meta":{"footnotes":""},"class_list":["post-1664","page","type-page","status-publish","hentry"],"blocksy_meta":[],"_links":{"self":[{"href":"https:\/\/www.cedem.org\/index.php\/wp-json\/wp\/v2\/pages\/1664","targetHints":{"allow":["GET"]}}],"collection":[{"href":"https:\/\/www.cedem.org\/index.php\/wp-json\/wp\/v2\/pages"}],"about":[{"href":"https:\/\/www.cedem.org\/index.php\/wp-json\/wp\/v2\/types\/page"}],"author":[{"embeddable":true,"href":"https:\/\/www.cedem.org\/index.php\/wp-json\/wp\/v2\/users\/2"}],"replies":[{"embeddable":true,"href":"https:\/\/www.cedem.org\/index.php\/wp-json\/wp\/v2\/comments?post=1664"}],"version-history":[{"count":10,"href":"https:\/\/www.cedem.org\/index.php\/wp-json\/wp\/v2\/pages\/1664\/revisions"}],"predecessor-version":[{"id":2073,"href":"https:\/\/www.cedem.org\/index.php\/wp-json\/wp\/v2\/pages\/1664\/revisions\/2073"}],"wp:attachment":[{"href":"https:\/\/www.cedem.org\/index.php\/wp-json\/wp\/v2\/media?parent=1664"}],"curies":[{"name":"wp","href":"https:\/\/api.w.org\/{rel}","templated":true}]}}