{"id":1658,"date":"2024-02-06T11:46:43","date_gmt":"2024-02-06T17:46:43","guid":{"rendered":"http:\/\/www.cedem.org\/?page_id=1658"},"modified":"2024-02-07T11:22:18","modified_gmt":"2024-02-07T17:22:18","slug":"integrantes","status":"publish","type":"page","link":"https:\/\/www.cedem.org\/index.php\/integrantes\/","title":{"rendered":"Integrantes"},"content":{"rendered":"\t\t<div data-elementor-type=\"wp-page\" data-elementor-id=\"1658\" class=\"elementor elementor-1658\">\n\t\t\t\t<div class=\"elementor-element elementor-element-869baa0 e-flex e-con-boxed e-con e-parent\" data-id=\"869baa0\" data-element_type=\"container\" data-e-type=\"container\">\n\t\t\t\t\t<div class=\"e-con-inner\">\n\t\t\t\t<div class=\"elementor-element elementor-element-0dda83c elementor-widget elementor-widget-text-editor\" data-id=\"0dda83c\" data-element_type=\"widget\" data-e-type=\"widget\" data-widget_type=\"text-editor.default\">\n\t\t\t\t<div class=\"elementor-widget-container\">\n\t\t\t\t\t\t\t\t\t<h3><strong>Alexandre Tarassiouk K.<\/strong><\/h3>\n<p><a href=\"mailto:tka@xanum.uam.mx\"><strong>tka@xanum.uam.mx<\/strong><\/a><\/p>\n<p><em>Departamento de Econom\u00eda<\/em><\/p>\n<p>Universidad Aut\u00f3noma Metropolitana (UAMI)<\/p>\n<h3><strong style=\"color: var(--theme-heading-color, var(--theme-heading-3-color, var(--theme-headings-color))); font-family: var(--theme-font-family); font-size: var(--theme-font-size); font-style: var(--theme-font-style, inherit); letter-spacing: var(--theme-letter-spacing); text-align: inherit; text-decoration-line: ; text-transform: var(--theme-text-transform); background-color: var(--theme-palette-color-7);\">Alicia&nbsp;Adelaida&nbsp;Gir\u00f3n&nbsp;Gonz\u00e1lez<\/strong><\/h3>\n<p>Instituto&nbsp;de&nbsp;Investigaciones&nbsp;Econ\u00f3micas&nbsp;(IIEC)<\/p>\n<p>Universidad Nacional Aut\u00f3noma de M\u00e9xico (UNAM)<\/p>\n<h3><strong style=\"color: var(--theme-heading-color, var(--theme-heading-3-color, var(--theme-headings-color))); font-family: var(--theme-font-family); font-size: var(--theme-font-size); font-style: var(--theme-font-style, inherit); letter-spacing: var(--theme-letter-spacing); text-align: inherit; text-decoration-line: ; text-transform: var(--theme-text-transform); background-color: var(--theme-palette-color-7);\">Antonio Palazuelos Manso<\/strong><br><\/h3>\n<p><a href=\"mailto:palazuelosa@cps.ucm.es\"><strong>palazuelosa@cps.ucm.es<\/strong><\/a><\/p>\n<p><em>Departamento de Econom\u00eda Aplicada V, Facultad de CC. Pol\u00edticas&nbsp;y Sociolog\u00eda<\/em><\/p>\n<p><em>UNIVERSIDAD COMPLUTENSE DE MADRID (UCM)<\/em><\/p>\n<p><\/p>\n<h3><strong>Arturo Guill\u00e9n Romo<\/strong><\/h3>\n<p><a href=\"mailto:grja@xanum.uam.mx\"><strong>grja@xanum.uam.mx<\/strong><\/a><\/p>\n<p><em>Departamento de Econom\u00eda<\/em><\/p>\n<p>Universidad Aut\u00f3noma Metropolitana (UAMI)<\/p>\n<h3><strong style=\"color: var(--theme-heading-color, var(--theme-heading-3-color, var(--theme-headings-color))); font-family: var(--theme-font-family); font-size: var(--theme-font-size); font-style: var(--theme-font-style, inherit); letter-spacing: var(--theme-letter-spacing); text-align: inherit; text-decoration-line: ; text-transform: var(--theme-text-transform); background-color: var(--theme-palette-color-7);\">Eugenia Correa V\u00e1zquez<\/strong><br><\/h3>\n<p><strong><a href=\"mailto:correa@servidor.unam.mx\">correa@servidor.unam.mx<\/a><\/strong><\/p>\n<p><em>Divisi\u00f3n de Estudios de Posgrado,&nbsp;<\/em><em>Facultad de Econom\u00eda<\/em><\/p>\n<p>Universidad Nacional Aut\u00f3noma de M\u00e9xico&nbsp; (UNAM)<\/p>\n<p><\/p>\n<h3><strong>Gregorio Vidal B.<\/strong><\/h3>\n<p><strong><a href=\"mailto:gvb@xanum.uam.mx\">gvb@xanum.uam.mx<\/a><\/strong><\/p>\n<p><em>Departamento de Econom\u00eda<\/em><\/p>\n<p>Universidad Aut\u00f3noma Metropolitana<\/p>\n<h3><strong style=\"color: var(--theme-heading-color, var(--theme-heading-3-color, var(--theme-headings-color))); font-family: var(--theme-font-family); font-size: var(--theme-font-size); font-style: var(--theme-font-style, inherit); letter-spacing: var(--theme-letter-spacing); text-align: inherit; text-decoration-line: ; text-transform: var(--theme-text-transform); background-color: var(--theme-palette-color-7);\">Jos\u00e9 D\u00e9niz<\/strong><br><\/h3>\n<p>Descripci\u00f3n Jos\u00e9 D\u00e9niz<\/p>\n<h3><strong style=\"color: var(--theme-heading-color, var(--theme-heading-3-color, var(--theme-headings-color))); font-family: var(--theme-font-family); font-size: var(--theme-font-size); font-style: var(--theme-font-style, inherit); letter-spacing: var(--theme-letter-spacing); text-align: inherit; text-decoration-line: ; text-transform: var(--theme-text-transform); background-color: var(--theme-palette-color-7);\">Omar de Le\u00f3n<\/strong><br><\/h3>\n<p>Omar&nbsp;de Le\u00f3n<\/p>\t\t\t\t\t\t\t\t<\/div>\n\t\t\t\t<\/div>\n\t\t\t\t\t<\/div>\n\t\t\t\t<\/div>\n\t\t\t\t<\/div>\n\t\t","protected":false},"excerpt":{"rendered":"<p>Alexandre Tarassiouk K. tka@xanum.uam.mx Departamento de Econom\u00eda Universidad Aut\u00f3noma Metropolitana (UAMI) Alicia&nbsp;Adelaida&nbsp;Gir\u00f3n&nbsp;Gonz\u00e1lez Instituto&nbsp;de&nbsp;Investigaciones&nbsp;Econ\u00f3micas&nbsp;(IIEC) Universidad Nacional Aut\u00f3noma de M\u00e9xico (UNAM) Antonio Palazuelos Manso palazuelosa@cps.ucm.es Departamento de Econom\u00eda Aplicada V, Facultad de CC. Pol\u00edticas&nbsp;y Sociolog\u00eda UNIVERSIDAD COMPLUTENSE DE MADRID (UCM) Arturo Guill\u00e9n Romo grja@xanum.uam.mx Departamento de Econom\u00eda Universidad Aut\u00f3noma Metropolitana (UAMI) Eugenia Correa V\u00e1zquez correa@servidor.unam.mx Divisi\u00f3n de [&hellip;]<\/p>\n","protected":false},"author":2,"featured_media":0,"parent":0,"menu_order":0,"comment_status":"closed","ping_status":"closed","template":"","meta":{"footnotes":""},"class_list":["post-1658","page","type-page","status-publish","hentry"],"blocksy_meta":[],"_links":{"self":[{"href":"https:\/\/www.cedem.org\/index.php\/wp-json\/wp\/v2\/pages\/1658","targetHints":{"allow":["GET"]}}],"collection":[{"href":"https:\/\/www.cedem.org\/index.php\/wp-json\/wp\/v2\/pages"}],"about":[{"href":"https:\/\/www.cedem.org\/index.php\/wp-json\/wp\/v2\/types\/page"}],"author":[{"embeddable":true,"href":"https:\/\/www.cedem.org\/index.php\/wp-json\/wp\/v2\/users\/2"}],"replies":[{"embeddable":true,"href":"https:\/\/www.cedem.org\/index.php\/wp-json\/wp\/v2\/comments?post=1658"}],"version-history":[{"count":5,"href":"https:\/\/www.cedem.org\/index.php\/wp-json\/wp\/v2\/pages\/1658\/revisions"}],"predecessor-version":[{"id":2009,"href":"https:\/\/www.cedem.org\/index.php\/wp-json\/wp\/v2\/pages\/1658\/revisions\/2009"}],"wp:attachment":[{"href":"https:\/\/www.cedem.org\/index.php\/wp-json\/wp\/v2\/media?parent=1658"}],"curies":[{"name":"wp","href":"https:\/\/api.w.org\/{rel}","templated":true}]}}