{"id":1320,"date":"2021-11-21T15:14:41","date_gmt":"2021-11-21T15:14:41","guid":{"rendered":"http:\/\/www.cedem.org\/index.php\/services\/"},"modified":"2026-02-02T17:53:02","modified_gmt":"2026-02-02T23:53:02","slug":"acerda-de","status":"publish","type":"page","link":"https:\/\/www.cedem.org\/index.php\/acerda-de\/","title":{"rendered":"Acerca de"},"content":{"rendered":"\t\t<div data-elementor-type=\"wp-page\" data-elementor-id=\"1320\" class=\"elementor elementor-1320\">\n\t\t\t\t<div class=\"elementor-element elementor-element-4fef0e6 e-flex e-con-boxed e-con e-parent\" data-id=\"4fef0e6\" data-element_type=\"container\" data-e-type=\"container\">\n\t\t\t\t\t<div class=\"e-con-inner\">\n\t\t\t\t<div class=\"elementor-element elementor-element-b40c130 elementor-widget elementor-widget-image\" data-id=\"b40c130\" data-element_type=\"widget\" data-e-type=\"widget\" data-widget_type=\"image.default\">\n\t\t\t\t<div class=\"elementor-widget-container\">\n\t\t\t\t\t\t\t\t\t\t\t\t\t\t\t<img fetchpriority=\"high\" decoding=\"async\" width=\"1024\" height=\"221\" src=\"https:\/\/www.cedem.org\/wp-content\/uploads\/2024\/02\/logoCEDEM-1024x221.jpeg\" class=\"attachment-large size-large wp-image-1688\" alt=\"\" srcset=\"https:\/\/www.cedem.org\/wp-content\/uploads\/2024\/02\/logoCEDEM-1024x221.jpeg 1024w, https:\/\/www.cedem.org\/wp-content\/uploads\/2024\/02\/logoCEDEM-300x65.jpeg 300w, https:\/\/www.cedem.org\/wp-content\/uploads\/2024\/02\/logoCEDEM-768x166.jpeg 768w, https:\/\/www.cedem.org\/wp-content\/uploads\/2024\/02\/logoCEDEM.jpeg 1388w\" sizes=\"(max-width: 1024px) 100vw, 1024px\" \/>\t\t\t\t\t\t\t\t\t\t\t\t\t\t\t<\/div>\n\t\t\t\t<\/div>\n\t\t\t\t<div class=\"elementor-element elementor-element-4c07af5 elementor-widget elementor-widget-heading\" data-id=\"4c07af5\" data-element_type=\"widget\" data-e-type=\"widget\" data-widget_type=\"heading.default\">\n\t\t\t\t<div class=\"elementor-widget-container\">\n\t\t\t\t\t<h3 class=\"elementor-heading-title elementor-size-default\">Centro de Estudios sobre Desarrollo Espa\u00f1a M\u00e9xico<\/h3>\t\t\t\t<\/div>\n\t\t\t\t<\/div>\n\t\t\t\t\t<\/div>\n\t\t\t\t<\/div>\n\t\t<div class=\"elementor-element elementor-element-2c20a59 e-flex e-con-boxed e-con e-parent\" data-id=\"2c20a59\" data-element_type=\"container\" data-e-type=\"container\">\n\t\t\t\t\t<div class=\"e-con-inner\">\n\t\t\t\t<div class=\"elementor-element elementor-element-9d6d26c elementor-widget__width-initial elementor-widget elementor-widget-text-editor\" data-id=\"9d6d26c\" data-element_type=\"widget\" data-e-type=\"widget\" data-widget_type=\"text-editor.default\">\n\t\t\t\t<div class=\"elementor-widget-container\">\n\t\t\t\t\t\t\t\t\t<p><span style=\"font-size: inherit; text-align: inherit; background-color: var(--theme-palette-color-7); color: var(--theme-text-color); font-family: var(--theme-font-family); font-style: var(--theme-font-style, inherit); font-weight: var(--theme-font-weight); letter-spacing: var(--theme-letter-spacing); text-transform: var(--theme-text-transform);\">Perteneciente al Programa Integral de Cooperaci\u00f3n entre la Agencia Espa\u00f1ola de Cooperaci\u00f3n Internacional para el Desarrollo, la Universidad Complutense de Madrid y la Universidad Aut\u00f3noma Metropolitana \u2013 Iztapalapa<\/span><\/p><p>Es un espacio en el que se realiza la recopilaci\u00f3n y procesamiento de informaci\u00f3n y se generan\u00a0 v\u00ednculos de comunicaci\u00f3n entre los diferentes actores sociales y acad\u00e9micos en los temas del Desarrollo.<\/p><p>Su creaci\u00f3n surge de una iniciativa conjunta de investigadores que se remonta a diez a\u00f1os e incluye participaci\u00f3n en cursos de actualizaci\u00f3n para profesores, participaci\u00f3n en seminarios sobre la materia de desarrollo, realizaci\u00f3n de conferencias, publicaci\u00f3n de art\u00edculos, participaci\u00f3n en libros colectivos acerca\u00a0 de las condiciones y caracter\u00edsticas del desarrollo.<\/p><p>Destaca la organizaci\u00f3n y realizaci\u00f3n del libro colectivo Am\u00e9rica Latina y Desarrollo: Estructura, Inserci\u00f3n Externa y Sociedad. Adem\u00e1s, durante 2008 con el apoyo de la\u00a0<a href=\"http:\/\/www.aecid.es\/\" target=\"_top\">Agencia Espa\u00f1ola de Cooperaci\u00f3n Internacional para el Desarrollo (AECID)<\/a>, se ejecut\u00f3 el Proyecto Conjunto de Investigaci\u00f3n entre la\u00a0<a href=\"http:\/\/www.ucm.es\/\">Universidad Complutense de Madrid<\/a>\u00a0y\u00a0<a href=\"http:\/\/www.uam.mx\/\">Universidad Aut\u00f3noma Metropolitana Unidad Iztapalapa<\/a>, intitulado Teor\u00eda, Pol\u00edtica y Pr\u00e1ctica del Desarrollo.<\/p><p>En el marco de dicho Proyecto se llevo a cabo el IV Coloquio Internacional de la\u00a0<strong>Red de Estudios del Desarrollo Celso Furtado<\/strong>\u00a0con el tema: Opciones para el desarrollo de Am\u00e9rica Latina: an\u00e1lisis de las experiencias recientes.<\/p><p><strong><span id=\"dnn_ctr386_dnnTITLE1_lblTitle\">Abrimos nuestras puertas<\/span><\/strong><\/p><p>El 7 de Octubre de 2009 abrimos\u00a0las puertas de este espacio de Investigaci\u00f3n y an\u00e1lisis, en nuestra casa: La\u00a0\u00a0Universidad Aut\u00f3noma Metropolitana \u2013 plantel Iztapalapa.<\/p><p>El personal Acad\u00e9mico participante por parte de Espa\u00f1a son:<\/p><ul><li>Dr. Jos\u00e9 D\u00e9niz<\/li><li>Dr. Antonio Palazuelos<span style=\"font-size: inherit; text-align: inherit; background-color: var(--theme-palette-color-7); color: var(--theme-text-color); font-family: var(--theme-font-family); font-style: var(--theme-font-style, inherit); font-weight: var(--theme-font-weight); letter-spacing: var(--theme-letter-spacing); text-transform: var(--theme-text-transform);\">\u00a0y<\/span><\/li><li>Dr. Omar de Le\u00f3n<\/li><\/ul><p>Por parte de M\u00e9xico son:<\/p><ul><li>Dra. Eugenia Correa,<\/li><li>Dra. Alicia Gir\u00f3n,<\/li><li>Dr. Arturo Guill\u00e9n,<\/li><li>Dr. Gregorio Vidal,<\/li><li>Dr. Alenxandre Tarassiouk.<\/li><\/ul>\t\t\t\t\t\t\t\t<\/div>\n\t\t\t\t<\/div>\n\t\t\t\t\t<\/div>\n\t\t\t\t<\/div>\n\t\t<div class=\"elementor-element elementor-element-cd5fee5 e-flex e-con-boxed e-con e-parent\" data-id=\"cd5fee5\" data-element_type=\"container\" data-e-type=\"container\">\n\t\t\t\t\t<div class=\"e-con-inner\">\n\t\t\t\t<div class=\"elementor-element elementor-element-7c6ab53 elementor-widget-divider--view-line elementor-widget elementor-widget-divider\" data-id=\"7c6ab53\" data-element_type=\"widget\" data-e-type=\"widget\" data-widget_type=\"divider.default\">\n\t\t\t\t<div class=\"elementor-widget-container\">\n\t\t\t\t\t\t\t<div class=\"elementor-divider\">\n\t\t\t<span class=\"elementor-divider-separator\">\n\t\t\t\t\t\t<\/span>\n\t\t<\/div>\n\t\t\t\t\t\t<\/div>\n\t\t\t\t<\/div>\n\t\t\t\t\t<\/div>\n\t\t\t\t<\/div>\n\t\t\t\t<\/div>\n\t\t","protected":false},"excerpt":{"rendered":"<p>Centro de Estudios sobre Desarrollo Espa\u00f1a M\u00e9xico Perteneciente al Programa Integral de Cooperaci\u00f3n entre la Agencia Espa\u00f1ola de Cooperaci\u00f3n Internacional para el Desarrollo, la Universidad Complutense de Madrid y la Universidad Aut\u00f3noma Metropolitana \u2013 Iztapalapa Es un espacio en el que se realiza la recopilaci\u00f3n y procesamiento de informaci\u00f3n y se generan\u00a0 v\u00ednculos de comunicaci\u00f3n [&hellip;]<\/p>\n","protected":false},"author":2,"featured_media":0,"parent":0,"menu_order":0,"comment_status":"closed","ping_status":"closed","template":"","meta":{"footnotes":""},"class_list":["post-1320","page","type-page","status-publish","hentry"],"blocksy_meta":[],"_links":{"self":[{"href":"https:\/\/www.cedem.org\/index.php\/wp-json\/wp\/v2\/pages\/1320","targetHints":{"allow":["GET"]}}],"collection":[{"href":"https:\/\/www.cedem.org\/index.php\/wp-json\/wp\/v2\/pages"}],"about":[{"href":"https:\/\/www.cedem.org\/index.php\/wp-json\/wp\/v2\/types\/page"}],"author":[{"embeddable":true,"href":"https:\/\/www.cedem.org\/index.php\/wp-json\/wp\/v2\/users\/2"}],"replies":[{"embeddable":true,"href":"https:\/\/www.cedem.org\/index.php\/wp-json\/wp\/v2\/comments?post=1320"}],"version-history":[{"count":25,"href":"https:\/\/www.cedem.org\/index.php\/wp-json\/wp\/v2\/pages\/1320\/revisions"}],"predecessor-version":[{"id":2351,"href":"https:\/\/www.cedem.org\/index.php\/wp-json\/wp\/v2\/pages\/1320\/revisions\/2351"}],"wp:attachment":[{"href":"https:\/\/www.cedem.org\/index.php\/wp-json\/wp\/v2\/media?parent=1320"}],"curies":[{"name":"wp","href":"https:\/\/api.w.org\/{rel}","templated":true}]}}