{"id":1318,"date":"2021-11-21T15:12:46","date_gmt":"2021-11-21T15:12:46","guid":{"rendered":"http:\/\/www.cedem.org\/index.php\/home\/"},"modified":"2026-01-22T14:13:10","modified_gmt":"2026-01-22T20:13:10","slug":"home","status":"publish","type":"page","link":"https:\/\/www.cedem.org\/","title":{"rendered":"inicio"},"content":{"rendered":"\t\t<div data-elementor-type=\"wp-page\" data-elementor-id=\"1318\" class=\"elementor elementor-1318\">\n\t\t\t\t<div class=\"elementor-element elementor-element-d3e122d e-flex e-con-boxed e-con e-parent\" data-id=\"d3e122d\" data-element_type=\"container\" data-e-type=\"container\">\n\t\t\t\t\t<div class=\"e-con-inner\">\n\t\t\t\t<div class=\"elementor-element elementor-element-0e5da09 elementor-widget__width-initial elementor-widget elementor-widget-image\" data-id=\"0e5da09\" data-element_type=\"widget\" data-e-type=\"widget\" data-widget_type=\"image.default\">\n\t\t\t\t<div class=\"elementor-widget-container\">\n\t\t\t\t\t\t\t\t\t\t\t\t\t\t\t<img fetchpriority=\"high\" decoding=\"async\" width=\"1024\" height=\"221\" src=\"https:\/\/www.cedem.org\/wp-content\/uploads\/2024\/02\/logoCEDEM-1024x221.jpeg\" class=\"attachment-large size-large wp-image-1688\" alt=\"\" srcset=\"https:\/\/www.cedem.org\/wp-content\/uploads\/2024\/02\/logoCEDEM-1024x221.jpeg 1024w, https:\/\/www.cedem.org\/wp-content\/uploads\/2024\/02\/logoCEDEM-300x65.jpeg 300w, https:\/\/www.cedem.org\/wp-content\/uploads\/2024\/02\/logoCEDEM-768x166.jpeg 768w, https:\/\/www.cedem.org\/wp-content\/uploads\/2024\/02\/logoCEDEM.jpeg 1388w\" sizes=\"(max-width: 1024px) 100vw, 1024px\" \/>\t\t\t\t\t\t\t\t\t\t\t\t\t\t\t<\/div>\n\t\t\t\t<\/div>\n\t\t\t\t\t<\/div>\n\t\t\t\t<\/div>\n\t\t<div class=\"elementor-element elementor-element-f51211a e-flex e-con-boxed e-con e-parent\" data-id=\"f51211a\" data-element_type=\"container\" data-e-type=\"container\">\n\t\t\t\t\t<div class=\"e-con-inner\">\n\t\t\t\t<div class=\"elementor-element elementor-element-bcbefff elementor-widget__width-initial elementor-widget elementor-widget-text-editor\" data-id=\"bcbefff\" data-element_type=\"widget\" data-e-type=\"widget\" data-widget_type=\"text-editor.default\">\n\t\t\t\t<div class=\"elementor-widget-container\">\n\t\t\t\t\t\t\t\t\t<p>Perteneciente al Programa Integral de Cooperaci\u00f3n entre la Agencia Espa\u00f1ola de Cooperaci\u00f3n Internacional para el Desarrollo, la Universidad Complutense de Madrid y la Universidad Aut\u00f3noma Metropolitana \u2013 Iztapalapa<\/p><p>Es un espacio en el que se realiza la recopilaci\u00f3n y procesamiento de informaci\u00f3n y se procesan v\u00ednculos de comunicaci\u00f3n entre los diferentes actores sociales y acad\u00e9micos en los temas del Desarrollo .<\/p><p>Su creaci\u00f3n surge de una iniciativa conjunta de investigadores que se remonta a diez a\u00f1os e incluye participaci\u00f3n en cursos de actualizaci\u00f3n para profesores, participaci\u00f3n en seminarios sobre la materia de desarrollo , realizaci\u00f3n de conferencias, publicaci\u00f3n de art\u00edculos, participaci\u00f3n en libros colectivos acerca de las condiciones y caracter\u00edsticas del desarrollo .<\/p><p>Destaca la organizaci\u00f3n y realizaci\u00f3n del libro colectivo Am\u00e9rica Latina y Desarrollo: Estructura , Inserci\u00f3n Externa y Sociedad . Adem\u00e1s, durante 2008 con el apoyo de la<a href=\"http:\/\/www.aecid.es\/\" target=\"_top\" rel=\"noopener noreferrer\">\u00a0Agencia Espa\u00f1ola de Cooperaci\u00f3n Internacional para el Desarrollo (AECID)<\/a>, ejecut\u00f3 el Proyecto Conjunto deInvestigaci\u00f3n entre la<a href=\"http:\/\/www.ucm.es\/\">\u00a0Universidad\u00a0Complutense\u00a0de Madrid\u00a0<\/a>y la\u00a0<a href=\"http:\/\/www.uam.mx\/\">Universidad Aut\u00f3noma Metropolitana Unidad Iztapalapa<\/a>, intitulado Teor\u00eda , Pol\u00edtica y Pr\u00e1ctica del Desarrollo.<\/p><p>En el\u00a0marco\u00a0de\u00a0dicho\u00a0Proyecto\u00a0se\u00a0llevo\u00a0a\u00a0cabo\u00a0el IV\u00a0Coloquio\u00a0Internacional\u00a0de la\u00a0<a href=\"http:\/\/www.redcelsofurtado.edu.mx\/\" target=\"_top\" rel=\"noopener noreferrer\">Red de\u00a0Estudios\u00a0del\u00a0Desarrollo\u00a0Celso\u00a0Furtado<\/a>\u00a0con el tema: Opciones para el desarrollo de Am\u00e9rica Latina: an\u00e1lisis de las experiencias recientes.<\/p><h6><strong style=\"color: var(--theme-heading-color, var(--theme-heading-6-color, var(--theme-headings-color))); font-family: var(--theme-font-family); font-size: var(--theme-font-size); font-style: var(--theme-font-style, inherit); letter-spacing: var(--theme-letter-spacing); text-align: inherit; text-transform: var(--theme-text-transform); background-color: var(--theme-palette-color-7);\">Abrimos\u00a0nuestras\u00a0puertas<\/strong><\/h6><p>El 7 de octubre de 2009 abrimos las puertas de este espacio de Investigaci\u00f3n y an\u00e1lisis , en nuestra casa: La Universidad Aut\u00f3noma Metropolitana \u2013 plantel Iztapalapa.<\/p><p>El personal acad\u00e9mico participante por parte de Espa\u00f1a son:<\/p><ul><li>Dr.\u00a0Jos\u00e9\u00a0D\u00e9niz<\/li><li>Dr. Antonio Palazuelos y<\/li><li>Dr. Omar de Le\u00f3n<\/li><\/ul><p>Por parte de M\u00e9xico:<\/p><ul><li>Dra. Eugenia Correa<\/li><li>Dra.\u00a0Alicia Gir\u00f3n<\/li><li>Dr. Arturo Guill\u00e9n<\/li><li>Dr. Gregorio Vidal<\/li><li>Dr. Alenxandre Tarassiouk<\/li><\/ul>\t\t\t\t\t\t\t\t<\/div>\n\t\t\t\t<\/div>\n\t\t\t\t\t<\/div>\n\t\t\t\t<\/div>\n\t\t\t\t<\/div>\n\t\t","protected":false},"excerpt":{"rendered":"<p>Perteneciente al Programa Integral de Cooperaci\u00f3n entre la Agencia Espa\u00f1ola de Cooperaci\u00f3n Internacional para el Desarrollo, la Universidad Complutense de Madrid y la Universidad Aut\u00f3noma Metropolitana \u2013 Iztapalapa Es un espacio en el que se realiza la recopilaci\u00f3n y procesamiento de informaci\u00f3n y se procesan v\u00ednculos de comunicaci\u00f3n entre los diferentes actores sociales y acad\u00e9micos [&hellip;]<\/p>\n","protected":false},"author":2,"featured_media":0,"parent":0,"menu_order":0,"comment_status":"closed","ping_status":"closed","template":"","meta":{"footnotes":""},"class_list":["post-1318","page","type-page","status-publish","hentry"],"blocksy_meta":[],"_links":{"self":[{"href":"https:\/\/www.cedem.org\/index.php\/wp-json\/wp\/v2\/pages\/1318","targetHints":{"allow":["GET"]}}],"collection":[{"href":"https:\/\/www.cedem.org\/index.php\/wp-json\/wp\/v2\/pages"}],"about":[{"href":"https:\/\/www.cedem.org\/index.php\/wp-json\/wp\/v2\/types\/page"}],"author":[{"embeddable":true,"href":"https:\/\/www.cedem.org\/index.php\/wp-json\/wp\/v2\/users\/2"}],"replies":[{"embeddable":true,"href":"https:\/\/www.cedem.org\/index.php\/wp-json\/wp\/v2\/comments?post=1318"}],"version-history":[{"count":55,"href":"https:\/\/www.cedem.org\/index.php\/wp-json\/wp\/v2\/pages\/1318\/revisions"}],"predecessor-version":[{"id":2342,"href":"https:\/\/www.cedem.org\/index.php\/wp-json\/wp\/v2\/pages\/1318\/revisions\/2342"}],"wp:attachment":[{"href":"https:\/\/www.cedem.org\/index.php\/wp-json\/wp\/v2\/media?parent=1318"}],"curies":[{"name":"wp","href":"https:\/\/api.w.org\/{rel}","templated":true}]}}