{"id":54,"date":"2024-02-09T00:52:26","date_gmt":"2024-02-08T23:52:26","guid":{"rendered":"http:\/\/www.cedem.org\/intam\/\/?page_id=54"},"modified":"2024-03-11T22:50:52","modified_gmt":"2024-03-11T21:50:52","slug":"multimedia","status":"publish","type":"page","link":"http:\/\/www.cedem.org\/intam\/index.php\/multimedia\/","title":{"rendered":"Multimedia"},"content":{"rendered":"\t\t<div data-elementor-type=\"wp-page\" data-elementor-id=\"54\" class=\"elementor elementor-54\">\n\t\t\t\t<div class=\"elementor-element elementor-element-37de67b e-flex e-con-boxed e-con e-parent\" data-id=\"37de67b\" data-element_type=\"container\" data-e-type=\"container\">\n\t\t\t\t\t<div class=\"e-con-inner\">\n\t\t<div class=\"elementor-element elementor-element-299f89a e-con-full e-flex e-con e-child\" data-id=\"299f89a\" data-element_type=\"container\" data-e-type=\"container\">\n\t\t\t\t<div class=\"elementor-element elementor-element-6879ec5 elementor-widget__width-initial elementor-widget elementor-widget-image\" data-id=\"6879ec5\" data-element_type=\"widget\" data-e-type=\"widget\" data-widget_type=\"image.default\">\n\t\t\t\t<div class=\"elementor-widget-container\">\n\t\t\t\t\t\t\t\t\t\t\t\t\t\t\t<img fetchpriority=\"high\" decoding=\"async\" width=\"663\" height=\"1024\" src=\"https:\/\/www.cedem.org\/intam\/wp-content\/uploads\/2024\/02\/marxseminario-663x1024.jpeg\" class=\"attachment-large size-large wp-image-101\" alt=\"\" srcset=\"https:\/\/www.cedem.org\/intam\/wp-content\/uploads\/2024\/02\/marxseminario-663x1024.jpeg 663w, https:\/\/www.cedem.org\/intam\/wp-content\/uploads\/2024\/02\/marxseminario-194x300.jpeg 194w, https:\/\/www.cedem.org\/intam\/wp-content\/uploads\/2024\/02\/marxseminario-768x1187.jpeg 768w, https:\/\/www.cedem.org\/intam\/wp-content\/uploads\/2024\/02\/marxseminario.jpeg 776w\" sizes=\"(max-width: 663px) 100vw, 663px\" \/>\t\t\t\t\t\t\t\t\t\t\t\t\t\t\t<\/div>\n\t\t\t\t<\/div>\n\t\t\t\t<\/div>\n\t\t<div class=\"elementor-element elementor-element-2e7de46 e-con-full e-flex e-con e-child\" data-id=\"2e7de46\" data-element_type=\"container\" data-e-type=\"container\">\n\t\t\t\t<div class=\"elementor-element elementor-element-7927f85 elementor-widget__width-initial elementor-widget elementor-widget-video\" data-id=\"7927f85\" data-element_type=\"widget\" data-e-type=\"widget\" data-settings=\"{&quot;youtube_url&quot;:&quot;https:\\\/\\\/www.youtube.com\\\/watch?v=_28iglTYeqU&amp;t=1s&quot;,&quot;video_type&quot;:&quot;youtube&quot;,&quot;controls&quot;:&quot;yes&quot;}\" data-widget_type=\"video.default\">\n\t\t\t\t<div class=\"elementor-widget-container\">\n\t\t\t\t\t\t\t<div class=\"elementor-wrapper elementor-open-inline\">\n\t\t\t<div class=\"elementor-video\"><\/div>\t\t<\/div>\n\t\t\t\t\t\t<\/div>\n\t\t\t\t<\/div>\n\t\t\t\t<\/div>\n\t\t\t\t\t<\/div>\n\t\t\t\t<\/div>\n\t\t<div class=\"elementor-element elementor-element-2f27712 e-flex e-con-boxed e-con e-parent\" data-id=\"2f27712\" data-element_type=\"container\" data-e-type=\"container\">\n\t\t\t\t\t<div class=\"e-con-inner\">\n\t\t\t\t<div class=\"elementor-element elementor-element-e9ac1d9 elementor-widget-divider--view-line elementor-widget elementor-widget-divider\" data-id=\"e9ac1d9\" data-element_type=\"widget\" data-e-type=\"widget\" data-widget_type=\"divider.default\">\n\t\t\t\t<div class=\"elementor-widget-container\">\n\t\t\t\t\t\t\t<div class=\"elementor-divider\">\n\t\t\t<span class=\"elementor-divider-separator\">\n\t\t\t\t\t\t<\/span>\n\t\t<\/div>\n\t\t\t\t\t\t<\/div>\n\t\t\t\t<\/div>\n\t\t\t\t\t<\/div>\n\t\t\t\t<\/div>\n\t\t<div class=\"elementor-element elementor-element-2e90f59 e-flex e-con-boxed e-con e-parent\" data-id=\"2e90f59\" data-element_type=\"container\" data-e-type=\"container\">\n\t\t\t\t\t<div class=\"e-con-inner\">\n\t\t<div class=\"elementor-element elementor-element-63ce974 e-con-full e-flex e-con e-child\" data-id=\"63ce974\" data-element_type=\"container\" data-e-type=\"container\">\n\t\t\t\t<div class=\"elementor-element elementor-element-f82243c elementor-widget elementor-widget-video\" data-id=\"f82243c\" data-element_type=\"widget\" data-e-type=\"widget\" data-settings=\"{&quot;youtube_url&quot;:&quot;https:\\\/\\\/www.youtube.com\\\/watch?v=UNMkKQiV7f0&amp;t=5342s&quot;,&quot;start&quot;:5341,&quot;video_type&quot;:&quot;youtube&quot;,&quot;controls&quot;:&quot;yes&quot;}\" data-widget_type=\"video.default\">\n\t\t\t\t<div class=\"elementor-widget-container\">\n\t\t\t\t\t\t\t<div class=\"elementor-wrapper elementor-open-inline\">\n\t\t\t<div class=\"elementor-video\"><\/div>\t\t<\/div>\n\t\t\t\t\t\t<\/div>\n\t\t\t\t<\/div>\n\t\t\t\t<\/div>\n\t\t<div class=\"elementor-element elementor-element-4659921 e-con-full e-flex e-con e-child\" data-id=\"4659921\" data-element_type=\"container\" data-e-type=\"container\">\n\t\t\t\t<div class=\"elementor-element elementor-element-09c7340 elementor-widget__width-initial elementor-widget elementor-widget-image\" data-id=\"09c7340\" data-element_type=\"widget\" data-e-type=\"widget\" data-widget_type=\"image.default\">\n\t\t\t\t<div class=\"elementor-widget-container\">\n\t\t\t\t\t\t\t\t\t\t\t\t\t\t\t<img decoding=\"async\" width=\"768\" height=\"1024\" src=\"https:\/\/www.cedem.org\/intam\/wp-content\/uploads\/2024\/02\/CARTEL-1-768x1024.png\" class=\"attachment-large size-large wp-image-110\" alt=\"\" srcset=\"https:\/\/www.cedem.org\/intam\/wp-content\/uploads\/2024\/02\/CARTEL-1-768x1024.png 768w, https:\/\/www.cedem.org\/intam\/wp-content\/uploads\/2024\/02\/CARTEL-1-225x300.png 225w, https:\/\/www.cedem.org\/intam\/wp-content\/uploads\/2024\/02\/CARTEL-1-1152x1536.png 1152w, https:\/\/www.cedem.org\/intam\/wp-content\/uploads\/2024\/02\/CARTEL-1-1536x2048.png 1536w\" sizes=\"(max-width: 768px) 100vw, 768px\" \/>\t\t\t\t\t\t\t\t\t\t\t\t\t\t\t<\/div>\n\t\t\t\t<\/div>\n\t\t\t\t<\/div>\n\t\t\t\t\t<\/div>\n\t\t\t\t<\/div>\n\t\t<div class=\"elementor-element elementor-element-71f6791 e-flex e-con-boxed e-con e-parent\" data-id=\"71f6791\" data-element_type=\"container\" data-e-type=\"container\">\n\t\t\t\t\t<div class=\"e-con-inner\">\n\t\t\t\t<div class=\"elementor-element elementor-element-313b06e elementor-widget-divider--view-line elementor-widget elementor-widget-divider\" data-id=\"313b06e\" data-element_type=\"widget\" data-e-type=\"widget\" data-widget_type=\"divider.default\">\n\t\t\t\t<div class=\"elementor-widget-container\">\n\t\t\t\t\t\t\t<div class=\"elementor-divider\">\n\t\t\t<span class=\"elementor-divider-separator\">\n\t\t\t\t\t\t<\/span>\n\t\t<\/div>\n\t\t\t\t\t\t<\/div>\n\t\t\t\t<\/div>\n\t\t\t\t\t<\/div>\n\t\t\t\t<\/div>\n\t\t<div class=\"elementor-element elementor-element-7fe527c e-flex e-con-boxed e-con e-parent\" data-id=\"7fe527c\" data-element_type=\"container\" data-e-type=\"container\">\n\t\t\t\t\t<div class=\"e-con-inner\">\n\t\t<div class=\"elementor-element elementor-element-cfe4fcb e-con-full e-flex e-con e-child\" data-id=\"cfe4fcb\" data-element_type=\"container\" data-e-type=\"container\">\n\t\t\t\t<div class=\"elementor-element elementor-element-b10ca24 elementor-widget__width-initial elementor-widget elementor-widget-image\" data-id=\"b10ca24\" data-element_type=\"widget\" data-e-type=\"widget\" data-widget_type=\"image.default\">\n\t\t\t\t<div class=\"elementor-widget-container\">\n\t\t\t\t\t\t\t\t\t\t\t\t\t\t\t<img decoding=\"async\" width=\"662\" height=\"1024\" src=\"https:\/\/www.cedem.org\/intam\/wp-content\/uploads\/2024\/02\/21febrero2023-662x1024.jpg\" class=\"attachment-large size-large wp-image-327\" alt=\"\" srcset=\"https:\/\/www.cedem.org\/intam\/wp-content\/uploads\/2024\/02\/21febrero2023-662x1024.jpg 662w, https:\/\/www.cedem.org\/intam\/wp-content\/uploads\/2024\/02\/21febrero2023-194x300.jpg 194w, https:\/\/www.cedem.org\/intam\/wp-content\/uploads\/2024\/02\/21febrero2023-768x1187.jpg 768w, https:\/\/www.cedem.org\/intam\/wp-content\/uploads\/2024\/02\/21febrero2023-994x1536.jpg 994w, https:\/\/www.cedem.org\/intam\/wp-content\/uploads\/2024\/02\/21febrero2023.jpg 1035w\" sizes=\"(max-width: 662px) 100vw, 662px\" \/>\t\t\t\t\t\t\t\t\t\t\t\t\t\t\t<\/div>\n\t\t\t\t<\/div>\n\t\t\t\t<\/div>\n\t\t<div class=\"elementor-element elementor-element-07dfd76 e-con-full e-flex e-con e-child\" data-id=\"07dfd76\" data-element_type=\"container\" data-e-type=\"container\">\n\t\t\t\t<div class=\"elementor-element elementor-element-976dd2a elementor-widget elementor-widget-video\" data-id=\"976dd2a\" data-element_type=\"widget\" data-e-type=\"widget\" data-settings=\"{&quot;youtube_url&quot;:&quot;https:\\\/\\\/www.youtube.com\\\/embed\\\/zvSIfI9qSnA?si=s_nDPPX8fbBd1vI9&quot;,&quot;start&quot;:110,&quot;video_type&quot;:&quot;youtube&quot;,&quot;controls&quot;:&quot;yes&quot;}\" data-widget_type=\"video.default\">\n\t\t\t\t<div class=\"elementor-widget-container\">\n\t\t\t\t\t\t\t<div class=\"elementor-wrapper elementor-open-inline\">\n\t\t\t<div class=\"elementor-video\"><\/div>\t\t<\/div>\n\t\t\t\t\t\t<\/div>\n\t\t\t\t<\/div>\n\t\t\t\t<\/div>\n\t\t\t\t\t<\/div>\n\t\t\t\t<\/div>\n\t\t<div class=\"elementor-element elementor-element-123e9a0 e-flex e-con-boxed e-con e-parent\" data-id=\"123e9a0\" data-element_type=\"container\" data-e-type=\"container\">\n\t\t\t\t\t<div class=\"e-con-inner\">\n\t\t\t\t<div class=\"elementor-element elementor-element-c08b9fe elementor-widget-divider--view-line elementor-widget elementor-widget-divider\" data-id=\"c08b9fe\" data-element_type=\"widget\" data-e-type=\"widget\" data-widget_type=\"divider.default\">\n\t\t\t\t<div class=\"elementor-widget-container\">\n\t\t\t\t\t\t\t<div class=\"elementor-divider\">\n\t\t\t<span class=\"elementor-divider-separator\">\n\t\t\t\t\t\t<\/span>\n\t\t<\/div>\n\t\t\t\t\t\t<\/div>\n\t\t\t\t<\/div>\n\t\t\t\t\t<\/div>\n\t\t\t\t<\/div>\n\t\t<div class=\"elementor-element elementor-element-09458c4 e-flex e-con-boxed e-con e-parent\" data-id=\"09458c4\" data-element_type=\"container\" data-e-type=\"container\">\n\t\t\t\t\t<div class=\"e-con-inner\">\n\t\t\t\t<div class=\"elementor-element elementor-element-a4066ea elementor-widget elementor-widget-heading\" data-id=\"a4066ea\" data-element_type=\"widget\" data-e-type=\"widget\" data-widget_type=\"heading.default\">\n\t\t\t\t<div class=\"elementor-widget-container\">\n\t\t\t\t\t<h2 class=\"elementor-heading-title elementor-size-default\">\u00bfGlobalizaci\u00f3n, desglobalizaci\u00f3n? Aspectos econ\u00f3micos, financieros, comerciales.<\/h2>\t\t\t\t<\/div>\n\t\t\t\t<\/div>\n\t\t\t\t<div class=\"elementor-element elementor-element-7cdc355 elementor-widget elementor-widget-text-editor\" data-id=\"7cdc355\" data-element_type=\"widget\" data-e-type=\"widget\" data-widget_type=\"text-editor.default\">\n\t\t\t\t<div class=\"elementor-widget-container\">\n\t\t\t\t\t\t\t\t\t<p>Jueves 8 de diciembre de 2022, a las 16:00 hrs.<\/p><p>Laboratorio Doc. \u201cDr. Enrique M. De la Garza Toledo\u201d<\/p><p>Edificio \u201cH, 2do. Piso<\/p>\t\t\t\t\t\t\t\t<\/div>\n\t\t\t\t<\/div>\n\t\t\t\t\t<\/div>\n\t\t\t\t<\/div>\n\t\t<div class=\"elementor-element elementor-element-d8fa75a e-flex e-con-boxed e-con e-parent\" data-id=\"d8fa75a\" data-element_type=\"container\" data-e-type=\"container\">\n\t\t\t\t\t<div class=\"e-con-inner\">\n\t\t\t\t<div class=\"elementor-element elementor-element-1c17a0f elementor-widget elementor-widget-video\" data-id=\"1c17a0f\" data-element_type=\"widget\" data-e-type=\"widget\" data-settings=\"{&quot;video_type&quot;:&quot;hosted&quot;,&quot;controls&quot;:&quot;yes&quot;}\" data-widget_type=\"video.default\">\n\t\t\t\t<div class=\"elementor-widget-container\">\n\t\t\t\t\t\t\t<div class=\"e-hosted-video elementor-wrapper elementor-open-inline\">\n\t\t\t\t\t<video class=\"elementor-video\" src=\"http:\/\/tmpcsh.izt.uam.mx\/intam\/wp-content\/uploads\/2024\/02\/video08122022.mp4\" controls=\"\" preload=\"metadata\" controlsList=\"nodownload\" poster=\"http:\/\/tmpcsh.izt.uam.mx\/intam\/wp-content\/uploads\/2024\/02\/Captura-de-pantalla-2024-02-27-a-las-14.11.37.png\"><\/video>\n\t\t\t\t<\/div>\n\t\t\t\t\t\t<\/div>\n\t\t\t\t<\/div>\n\t\t\t\t\t<\/div>\n\t\t\t\t<\/div>\n\t\t<div class=\"elementor-element elementor-element-b4b86e2 e-flex e-con-boxed e-con e-parent\" data-id=\"b4b86e2\" data-element_type=\"container\" data-e-type=\"container\">\n\t\t\t\t\t<div class=\"e-con-inner\">\n\t\t\t\t<div class=\"elementor-element elementor-element-3bc2bc6 elementor-widget-divider--view-line elementor-widget elementor-widget-divider\" data-id=\"3bc2bc6\" data-element_type=\"widget\" data-e-type=\"widget\" data-widget_type=\"divider.default\">\n\t\t\t\t<div class=\"elementor-widget-container\">\n\t\t\t\t\t\t\t<div class=\"elementor-divider\">\n\t\t\t<span class=\"elementor-divider-separator\">\n\t\t\t\t\t\t<\/span>\n\t\t<\/div>\n\t\t\t\t\t\t<\/div>\n\t\t\t\t<\/div>\n\t\t\t\t\t<\/div>\n\t\t\t\t<\/div>\n\t\t<div class=\"elementor-element elementor-element-cdb0789 e-flex e-con-boxed e-con e-parent\" data-id=\"cdb0789\" data-element_type=\"container\" data-e-type=\"container\">\n\t\t\t\t\t<div class=\"e-con-inner\">\n\t\t\t\t<div class=\"elementor-element elementor-element-b0ab80d elementor-widget elementor-widget-text-editor\" data-id=\"b0ab80d\" data-element_type=\"widget\" data-e-type=\"widget\" data-widget_type=\"text-editor.default\">\n\t\t\t\t<div class=\"elementor-widget-container\">\n\t\t\t\t\t\t\t\t\t<h4><strong>COLOQUIO INTERNACIONAL: EL IMPACTO ENERG\u00c9TICO EN AM\u00c9RICA DEL NORTE EN EL ACTUAL ESCENARIO GEOP\u00d3LITICO<\/strong><\/h4><p><strong>28 de noviembre de 2022<\/strong><\/p><p>Participan: -Jorge Alfonso Calder\u00f3n Salazar, UNAM. -Maria Antonia Correa Serrano, UAM-X. -Leonardo Federico Manch\u00f3n Coh\u00e1n, AUM-X. -Jorge Eduardo Mendoza Cota, COLEF. -Ignacio Mart\u00ednez Cortez, FCPYS, UNAM. -Modera Silvia N\u00fa\u00f1ez Garc\u00eda, UNAM Los \u00c1ngeles.<\/p>\t\t\t\t\t\t\t\t<\/div>\n\t\t\t\t<\/div>\n\t\t\t\t\t<\/div>\n\t\t\t\t<\/div>\n\t\t<div class=\"elementor-element elementor-element-31a2772 e-flex e-con-boxed e-con e-parent\" data-id=\"31a2772\" data-element_type=\"container\" data-e-type=\"container\">\n\t\t\t\t\t<div class=\"e-con-inner\">\n\t\t\t\t<div class=\"elementor-element elementor-element-5d37497 elementor-widget elementor-widget-video\" data-id=\"5d37497\" data-element_type=\"widget\" data-e-type=\"widget\" data-settings=\"{&quot;youtube_url&quot;:&quot;https:\\\/\\\/www.youtube.com\\\/embed\\\/HGhuHlc_27M?si=jBhApTiCDZU0wyw0&quot;,&quot;start&quot;:5101,&quot;video_type&quot;:&quot;youtube&quot;,&quot;controls&quot;:&quot;yes&quot;}\" data-widget_type=\"video.default\">\n\t\t\t\t<div class=\"elementor-widget-container\">\n\t\t\t\t\t\t\t<div class=\"elementor-wrapper elementor-open-inline\">\n\t\t\t<div class=\"elementor-video\"><\/div>\t\t<\/div>\n\t\t\t\t\t\t<\/div>\n\t\t\t\t<\/div>\n\t\t\t\t\t<\/div>\n\t\t\t\t<\/div>\n\t\t<div class=\"elementor-element elementor-element-84ee941 e-flex e-con-boxed e-con e-parent\" data-id=\"84ee941\" data-element_type=\"container\" data-e-type=\"container\">\n\t\t\t\t\t<div class=\"e-con-inner\">\n\t\t\t\t<div class=\"elementor-element elementor-element-e8c7d8c elementor-widget-divider--view-line elementor-widget elementor-widget-divider\" data-id=\"e8c7d8c\" data-element_type=\"widget\" data-e-type=\"widget\" data-widget_type=\"divider.default\">\n\t\t\t\t<div class=\"elementor-widget-container\">\n\t\t\t\t\t\t\t<div class=\"elementor-divider\">\n\t\t\t<span class=\"elementor-divider-separator\">\n\t\t\t\t\t\t<\/span>\n\t\t<\/div>\n\t\t\t\t\t\t<\/div>\n\t\t\t\t<\/div>\n\t\t\t\t\t<\/div>\n\t\t\t\t<\/div>\n\t\t<div class=\"elementor-element elementor-element-23959a4 e-flex e-con-boxed e-con e-parent\" data-id=\"23959a4\" data-element_type=\"container\" data-e-type=\"container\">\n\t\t\t\t\t<div class=\"e-con-inner\">\n\t\t<div class=\"elementor-element elementor-element-1032c8e e-con-full e-flex e-con e-child\" data-id=\"1032c8e\" data-element_type=\"container\" data-e-type=\"container\">\n\t\t\t\t<div class=\"elementor-element elementor-element-c43b18b elementor-widget elementor-widget-image\" data-id=\"c43b18b\" data-element_type=\"widget\" data-e-type=\"widget\" data-widget_type=\"image.default\">\n\t\t\t\t<div class=\"elementor-widget-container\">\n\t\t\t\t\t\t\t\t\t\t\t\t\t\t\t<img loading=\"lazy\" decoding=\"async\" width=\"454\" height=\"643\" src=\"https:\/\/www.cedem.org\/intam\/wp-content\/uploads\/2024\/02\/IX-seminario_2.png\" class=\"attachment-large size-large wp-image-155\" alt=\"\" srcset=\"https:\/\/www.cedem.org\/intam\/wp-content\/uploads\/2024\/02\/IX-seminario_2.png 454w, https:\/\/www.cedem.org\/intam\/wp-content\/uploads\/2024\/02\/IX-seminario_2-212x300.png 212w\" sizes=\"(max-width: 454px) 100vw, 454px\" \/>\t\t\t\t\t\t\t\t\t\t\t\t\t\t\t<\/div>\n\t\t\t\t<\/div>\n\t\t\t\t<\/div>\n\t\t<div class=\"elementor-element elementor-element-a720d12 e-con-full e-flex e-con e-child\" data-id=\"a720d12\" data-element_type=\"container\" data-e-type=\"container\">\n\t\t\t\t<div class=\"elementor-element elementor-element-e8bd560 elementor-widget elementor-widget-video\" data-id=\"e8bd560\" data-element_type=\"widget\" data-e-type=\"widget\" data-settings=\"{&quot;youtube_url&quot;:&quot;https:\\\/\\\/www.youtube.com\\\/embed\\\/N0eOFJqz_BI?si=26DXgG8QU3zaxkyN&quot;,&quot;start&quot;:9971,&quot;video_type&quot;:&quot;youtube&quot;,&quot;controls&quot;:&quot;yes&quot;}\" data-widget_type=\"video.default\">\n\t\t\t\t<div class=\"elementor-widget-container\">\n\t\t\t\t\t\t\t<div class=\"elementor-wrapper elementor-open-inline\">\n\t\t\t<div class=\"elementor-video\"><\/div>\t\t<\/div>\n\t\t\t\t\t\t<\/div>\n\t\t\t\t<\/div>\n\t\t\t\t<\/div>\n\t\t\t\t\t<\/div>\n\t\t\t\t<\/div>\n\t\t<div class=\"elementor-element elementor-element-688dfbe e-flex e-con-boxed e-con e-parent\" data-id=\"688dfbe\" data-element_type=\"container\" data-e-type=\"container\">\n\t\t\t\t\t<div class=\"e-con-inner\">\n\t\t\t\t<div class=\"elementor-element elementor-element-3b7567c elementor-widget-divider--view-line elementor-widget elementor-widget-divider\" data-id=\"3b7567c\" data-element_type=\"widget\" data-e-type=\"widget\" data-widget_type=\"divider.default\">\n\t\t\t\t<div class=\"elementor-widget-container\">\n\t\t\t\t\t\t\t<div class=\"elementor-divider\">\n\t\t\t<span class=\"elementor-divider-separator\">\n\t\t\t\t\t\t<\/span>\n\t\t<\/div>\n\t\t\t\t\t\t<\/div>\n\t\t\t\t<\/div>\n\t\t\t\t\t<\/div>\n\t\t\t\t<\/div>\n\t\t<div class=\"elementor-element elementor-element-d7a003b e-flex e-con-boxed e-con e-parent\" data-id=\"d7a003b\" data-element_type=\"container\" data-e-type=\"container\">\n\t\t\t\t\t<div class=\"e-con-inner\">\n\t\t<div class=\"elementor-element elementor-element-46963b5 e-con-full e-flex e-con e-child\" data-id=\"46963b5\" data-element_type=\"container\" data-e-type=\"container\">\n\t\t\t\t<div class=\"elementor-element elementor-element-a362b04 elementor-widget elementor-widget-video\" data-id=\"a362b04\" data-element_type=\"widget\" data-e-type=\"widget\" data-settings=\"{&quot;youtube_url&quot;:&quot;https:\\\/\\\/www.youtube.com\\\/embed\\\/LXWIZvCurVg&quot;,&quot;video_type&quot;:&quot;youtube&quot;,&quot;controls&quot;:&quot;yes&quot;}\" data-widget_type=\"video.default\">\n\t\t\t\t<div class=\"elementor-widget-container\">\n\t\t\t\t\t\t\t<div class=\"elementor-wrapper elementor-open-inline\">\n\t\t\t<div class=\"elementor-video\"><\/div>\t\t<\/div>\n\t\t\t\t\t\t<\/div>\n\t\t\t\t<\/div>\n\t\t\t\t<\/div>\n\t\t<div class=\"elementor-element elementor-element-0f8b8d3 e-con-full e-flex e-con e-child\" data-id=\"0f8b8d3\" data-element_type=\"container\" data-e-type=\"container\">\n\t\t\t\t<div class=\"elementor-element elementor-element-22ab809 elementor-widget elementor-widget-image\" data-id=\"22ab809\" data-element_type=\"widget\" data-e-type=\"widget\" data-widget_type=\"image.default\">\n\t\t\t\t<div class=\"elementor-widget-container\">\n\t\t\t\t\t\t\t\t\t\t\t\t\t\t\t<img loading=\"lazy\" decoding=\"async\" width=\"662\" height=\"1024\" src=\"https:\/\/www.cedem.org\/intam\/wp-content\/uploads\/2024\/02\/26abril2022-662x1024.jpeg\" class=\"attachment-large size-large wp-image-168\" alt=\"\" srcset=\"https:\/\/www.cedem.org\/intam\/wp-content\/uploads\/2024\/02\/26abril2022-662x1024.jpeg 662w, https:\/\/www.cedem.org\/intam\/wp-content\/uploads\/2024\/02\/26abril2022-194x300.jpeg 194w, https:\/\/www.cedem.org\/intam\/wp-content\/uploads\/2024\/02\/26abril2022-768x1187.jpeg 768w, https:\/\/www.cedem.org\/intam\/wp-content\/uploads\/2024\/02\/26abril2022.jpeg 828w\" sizes=\"(max-width: 662px) 100vw, 662px\" \/>\t\t\t\t\t\t\t\t\t\t\t\t\t\t\t<\/div>\n\t\t\t\t<\/div>\n\t\t\t\t<\/div>\n\t\t\t\t\t<\/div>\n\t\t\t\t<\/div>\n\t\t<div class=\"elementor-element elementor-element-4342645 e-flex e-con-boxed e-con e-parent\" data-id=\"4342645\" data-element_type=\"container\" data-e-type=\"container\">\n\t\t\t\t\t<div class=\"e-con-inner\">\n\t\t\t\t<div class=\"elementor-element elementor-element-0fb2548 elementor-widget-divider--view-line elementor-widget elementor-widget-divider\" data-id=\"0fb2548\" data-element_type=\"widget\" data-e-type=\"widget\" data-widget_type=\"divider.default\">\n\t\t\t\t<div class=\"elementor-widget-container\">\n\t\t\t\t\t\t\t<div class=\"elementor-divider\">\n\t\t\t<span class=\"elementor-divider-separator\">\n\t\t\t\t\t\t<\/span>\n\t\t<\/div>\n\t\t\t\t\t\t<\/div>\n\t\t\t\t<\/div>\n\t\t\t\t\t<\/div>\n\t\t\t\t<\/div>\n\t\t\t\t<\/div>\n\t\t","protected":false},"excerpt":{"rendered":"<p>https:\/\/youtube.com\/watch?v=zvSIfI9qSnA%3Fsi%3Ds_nDPPX8fbBd1vI9 \u00bfGlobalizaci\u00f3n, desglobalizaci\u00f3n? Aspectos econ\u00f3micos, financieros, comerciales. Jueves 8 de diciembre de 2022, a las 16:00 hrs. Laboratorio Doc. \u201cDr. Enrique M. De la Garza Toledo\u201d Edificio \u201cH, 2do. Piso http:\/\/www.cedem.org\/intam\/\/wp-content\/uploads\/2024\/02\/video08122022.mp4 COLOQUIO INTERNACIONAL: EL IMPACTO ENERG\u00c9TICO EN AM\u00c9RICA DEL NORTE EN EL ACTUAL ESCENARIO GEOP\u00d3LITICO 28 de noviembre de 2022 Participan: -Jorge Alfonso Calder\u00f3n Salazar, [&hellip;]<\/p>\n","protected":false},"author":2,"featured_media":0,"parent":0,"menu_order":0,"comment_status":"closed","ping_status":"closed","template":"","meta":{"footnotes":""},"class_list":["post-54","page","type-page","status-publish","hentry"],"blocksy_meta":[],"_links":{"self":[{"href":"http:\/\/www.cedem.org\/intam\/index.php\/wp-json\/wp\/v2\/pages\/54","targetHints":{"allow":["GET"]}}],"collection":[{"href":"http:\/\/www.cedem.org\/intam\/index.php\/wp-json\/wp\/v2\/pages"}],"about":[{"href":"http:\/\/www.cedem.org\/intam\/index.php\/wp-json\/wp\/v2\/types\/page"}],"author":[{"embeddable":true,"href":"http:\/\/www.cedem.org\/intam\/index.php\/wp-json\/wp\/v2\/users\/2"}],"replies":[{"embeddable":true,"href":"http:\/\/www.cedem.org\/intam\/index.php\/wp-json\/wp\/v2\/comments?post=54"}],"version-history":[{"count":11,"href":"http:\/\/www.cedem.org\/intam\/index.php\/wp-json\/wp\/v2\/pages\/54\/revisions"}],"predecessor-version":[{"id":480,"href":"http:\/\/www.cedem.org\/intam\/index.php\/wp-json\/wp\/v2\/pages\/54\/revisions\/480"}],"wp:attachment":[{"href":"http:\/\/www.cedem.org\/intam\/index.php\/wp-json\/wp\/v2\/media?parent=54"}],"curies":[{"name":"wp","href":"https:\/\/api.w.org\/{rel}","templated":true}]}}